{"id":970,"date":"2024-08-16T02:40:46","date_gmt":"2024-08-16T02:40:46","guid":{"rendered":"https:\/\/tapdoanthanhha.com\/?post_type=product&#038;p=970"},"modified":"2026-04-17T19:13:36","modified_gmt":"2026-04-17T19:13:36","slug":"npk-20-0-10te","status":"publish","type":"product","link":"https:\/\/tapdoanthanhha.com\/en\/san-pham\/npk-20-0-10te\/","title":{"rendered":"NPK 20.0.10+TE"},"content":{"rendered":"<p><img fetchpriority=\"high\" decoding=\"async\" class=\"alignnone size-full wp-image-971\" src=\"https:\/\/tapdoanthanhha.com\/wp-content\/uploads\/2024\/08\/a571baa4-7188-4f0d-bbb2-c983f548b922.jpg\" alt=\"\" width=\"1449\" height=\"2048\" srcset=\"https:\/\/tapdoanthanhha.com\/wp-content\/uploads\/2024\/08\/a571baa4-7188-4f0d-bbb2-c983f548b922.jpg 1449w, https:\/\/tapdoanthanhha.com\/wp-content\/uploads\/2024\/08\/a571baa4-7188-4f0d-bbb2-c983f548b922-212x300.jpg 212w, https:\/\/tapdoanthanhha.com\/wp-content\/uploads\/2024\/08\/a571baa4-7188-4f0d-bbb2-c983f548b922-725x1024.jpg 725w, https:\/\/tapdoanthanhha.com\/wp-content\/uploads\/2024\/08\/a571baa4-7188-4f0d-bbb2-c983f548b922-768x1085.jpg 768w, https:\/\/tapdoanthanhha.com\/wp-content\/uploads\/2024\/08\/a571baa4-7188-4f0d-bbb2-c983f548b922-1087x1536.jpg 1087w, https:\/\/tapdoanthanhha.com\/wp-content\/uploads\/2024\/08\/a571baa4-7188-4f0d-bbb2-c983f548b922-103x146.jpg 103w, https:\/\/tapdoanthanhha.com\/wp-content\/uploads\/2024\/08\/a571baa4-7188-4f0d-bbb2-c983f548b922-35x50.jpg 35w, https:\/\/tapdoanthanhha.com\/wp-content\/uploads\/2024\/08\/a571baa4-7188-4f0d-bbb2-c983f548b922-53x75.jpg 53w, https:\/\/tapdoanthanhha.com\/wp-content\/uploads\/2024\/08\/a571baa4-7188-4f0d-bbb2-c983f548b922-800x1131.jpg 800w\" sizes=\"(max-width: 1449px) 100vw, 1449px\" \/><\/p>\n","protected":false},"excerpt":{"rendered":"<p>Ph\u00e2n b\u00f3n cao c\u1ea5p <strong>NK 20-10+TE<\/strong> \u0111\u01b0\u1ee3c s\u1ea3n xu\u1ea5t tr\u00ean d\u00e2y chuy\u1ec1n c\u00f4ng ngh\u1ec7 hi\u1ec7n \u0111\u1ea1i, ph\u1ed1i tr\u1ed9n theo t\u1ec9 l\u1ec7, \u0111\u1ecbnh l\u01b0\u1ee3ng \u0111\u00f3ng bao t\u1ef1 \u0111\u1ed9ng v\u00e0 s\u1eed d\u1ee5ng ngu\u1ed3n nguy\u00ean li\u1ec7u ch\u1ecdn l\u1ecdc gi\u00fap c\u00e2y tr\u1ed3ng h\u1ea5p thu ho\u00e0n to\u00e0n c\u00e1c ch\u1ea5t dinh d\u01b0\u1ee1ng, gi\u1ea3m th\u1ea5t tho\u00e1t v\u00e0 th\u00edch h\u1ee3p trong giai \u0111o\u1ea1n \u0111\u00f3n \u0111\u00f2ng ho\u1eb7c xo\u1eafn n\u00f5n.<\/p>\n","protected":false},"featured_media":1247,"comment_status":"open","ping_status":"closed","template":"","meta":[],"product_cat":[65],"product_tag":[72],"class_list":{"0":"post-970","1":"product","2":"type-product","3":"status-publish","4":"has-post-thumbnail","6":"product_cat-phan-bon-vo-co","7":"product_tag-san-pham-ba-mau","9":"first","10":"instock","11":"shipping-taxable","12":"product-type-simple"},"yoast_head":"<!-- This site is optimized with the Yoast SEO plugin v23.2 - https:\/\/yoast.com\/wordpress\/plugins\/seo\/ -->\n<title>NPK 20.0.10+TE - C\u00d4NG TY C\u1ed4 PH\u1ea6N T\u1eacP \u0110O\u00c0N THANH H\u00c0<\/title>\n<meta name=\"robots\" content=\"index, follow, max-snippet:-1, max-image-preview:large, max-video-preview:-1\" \/>\n<link rel=\"canonical\" href=\"https:\/\/tapdoanthanhha.com\/san-pham\/npk-20-0-10te\/\" \/>\n<meta property=\"og:locale\" content=\"en_US\" \/>\n<meta property=\"og:type\" content=\"article\" \/>\n<meta property=\"og:title\" content=\"NPK 20.0.10+TE - C\u00d4NG TY C\u1ed4 PH\u1ea6N T\u1eacP \u0110O\u00c0N THANH H\u00c0\" \/>\n<meta property=\"og:description\" content=\"Ph\u00e2n b\u00f3n cao c\u1ea5p NK 20-10+TE \u0111\u01b0\u1ee3c s\u1ea3n xu\u1ea5t tr\u00ean d\u00e2y chuy\u1ec1n c\u00f4ng ngh\u1ec7 hi\u1ec7n \u0111\u1ea1i, ph\u1ed1i tr\u1ed9n theo t\u1ec9 l\u1ec7, \u0111\u1ecbnh l\u01b0\u1ee3ng \u0111\u00f3ng bao t\u1ef1 \u0111\u1ed9ng v\u00e0 s\u1eed d\u1ee5ng ngu\u1ed3n nguy\u00ean li\u1ec7u ch\u1ecdn l\u1ecdc gi\u00fap c\u00e2y tr\u1ed3ng h\u1ea5p thu ho\u00e0n to\u00e0n c\u00e1c ch\u1ea5t dinh d\u01b0\u1ee1ng, gi\u1ea3m th\u1ea5t tho\u00e1t v\u00e0 th\u00edch h\u1ee3p trong giai \u0111o\u1ea1n \u0111\u00f3n \u0111\u00f2ng ho\u1eb7c xo\u1eafn n\u00f5n.\" \/>\n<meta property=\"og:url\" content=\"https:\/\/tapdoanthanhha.com\/san-pham\/npk-20-0-10te\/\" \/>\n<meta property=\"og:site_name\" content=\"C\u00d4NG TY C\u1ed4 PH\u1ea6N T\u1eacP \u0110O\u00c0N THANH H\u00c0\" \/>\n<meta property=\"article:publisher\" content=\"https:\/\/www.facebook.com\/congtytuthanhha\" \/>\n<meta property=\"article:modified_time\" content=\"2026-04-17T19:13:36+00:00\" \/>\n<meta property=\"og:image\" content=\"https:\/\/tapdoanthanhha.com\/wp-content\/uploads\/2024\/08\/08c5743f39e19dbfc4f036.jpg\" \/>\n\t<meta property=\"og:image:width\" content=\"1447\" \/>\n\t<meta property=\"og:image:height\" content=\"1789\" \/>\n\t<meta property=\"og:image:type\" content=\"image\/jpeg\" \/>\n<meta name=\"twitter:card\" content=\"summary_large_image\" \/>\n<meta name=\"twitter:label1\" content=\"Est. reading time\" \/>\n\t<meta name=\"twitter:data1\" content=\"1 minute\" \/>\n<script type=\"application\/ld+json\" class=\"yoast-schema-graph\">{\"@context\":\"https:\/\/schema.org\",\"@graph\":[{\"@type\":\"WebPage\",\"@id\":\"https:\/\/tapdoanthanhha.com\/san-pham\/npk-20-0-10te\/\",\"url\":\"https:\/\/tapdoanthanhha.com\/san-pham\/npk-20-0-10te\/\",\"name\":\"NPK 20.0.10+TE - C\u00d4NG TY C\u1ed4 PH\u1ea6N T\u1eacP \u0110O\u00c0N THANH H\u00c0\",\"isPartOf\":{\"@id\":\"https:\/\/tapdoanthanhha.com\/#website\"},\"primaryImageOfPage\":{\"@id\":\"https:\/\/tapdoanthanhha.com\/san-pham\/npk-20-0-10te\/#primaryimage\"},\"image\":{\"@id\":\"https:\/\/tapdoanthanhha.com\/san-pham\/npk-20-0-10te\/#primaryimage\"},\"thumbnailUrl\":\"https:\/\/tapdoanthanhha.com\/wp-content\/uploads\/2024\/08\/08c5743f39e19dbfc4f036.jpg\",\"datePublished\":\"2024-08-16T02:40:46+00:00\",\"dateModified\":\"2026-04-17T19:13:36+00:00\",\"breadcrumb\":{\"@id\":\"https:\/\/tapdoanthanhha.com\/san-pham\/npk-20-0-10te\/#breadcrumb\"},\"inLanguage\":\"en-US\",\"potentialAction\":[{\"@type\":\"ReadAction\",\"target\":[\"https:\/\/tapdoanthanhha.com\/san-pham\/npk-20-0-10te\/\"]}]},{\"@type\":\"ImageObject\",\"inLanguage\":\"en-US\",\"@id\":\"https:\/\/tapdoanthanhha.com\/san-pham\/npk-20-0-10te\/#primaryimage\",\"url\":\"https:\/\/tapdoanthanhha.com\/wp-content\/uploads\/2024\/08\/08c5743f39e19dbfc4f036.jpg\",\"contentUrl\":\"https:\/\/tapdoanthanhha.com\/wp-content\/uploads\/2024\/08\/08c5743f39e19dbfc4f036.jpg\",\"width\":1447,\"height\":1789},{\"@type\":\"BreadcrumbList\",\"@id\":\"https:\/\/tapdoanthanhha.com\/san-pham\/npk-20-0-10te\/#breadcrumb\",\"itemListElement\":[{\"@type\":\"ListItem\",\"position\":1,\"name\":\"Trang ch\u1ee7\",\"item\":\"https:\/\/tapdoanthanhha.com\/en\/\"},{\"@type\":\"ListItem\",\"position\":2,\"name\":\"S\u1ea3n ph\u1ea9m\",\"item\":\"https:\/\/tapdoanthanhha.com\/shop\/\"},{\"@type\":\"ListItem\",\"position\":3,\"name\":\"NPK 20.0.10+TE\"}]},{\"@type\":\"WebSite\",\"@id\":\"https:\/\/tapdoanthanhha.com\/#website\",\"url\":\"https:\/\/tapdoanthanhha.com\/\",\"name\":\"C\u00d4NG TY C\u1ed4 PH\u1ea6N T\u1eacP \u0110O\u00c0N THANH H\u00c0\",\"description\":\"\",\"publisher\":{\"@id\":\"https:\/\/tapdoanthanhha.com\/#organization\"},\"potentialAction\":[{\"@type\":\"SearchAction\",\"target\":{\"@type\":\"EntryPoint\",\"urlTemplate\":\"https:\/\/tapdoanthanhha.com\/?s={search_term_string}\"},\"query-input\":\"required name=search_term_string\"}],\"inLanguage\":\"en-US\"},{\"@type\":\"Organization\",\"@id\":\"https:\/\/tapdoanthanhha.com\/#organization\",\"name\":\"C\u00d4NG TY C\u1ed4 PH\u1ea6N T\u1eacP \u0110O\u00c0N THANH H\u00c0\",\"url\":\"https:\/\/tapdoanthanhha.com\/\",\"logo\":{\"@type\":\"ImageObject\",\"inLanguage\":\"en-US\",\"@id\":\"https:\/\/tapdoanthanhha.com\/#\/schema\/logo\/image\/\",\"url\":\"https:\/\/tapdoanthanhha.com\/wp-content\/uploads\/2024\/08\/logo.png\",\"contentUrl\":\"https:\/\/tapdoanthanhha.com\/wp-content\/uploads\/2024\/08\/logo.png\",\"width\":640,\"height\":490,\"caption\":\"C\u00d4NG TY C\u1ed4 PH\u1ea6N T\u1eacP \u0110O\u00c0N THANH H\u00c0\"},\"image\":{\"@id\":\"https:\/\/tapdoanthanhha.com\/#\/schema\/logo\/image\/\"},\"sameAs\":[\"https:\/\/www.facebook.com\/congtytuthanhha\"]}]}<\/script>\n<!-- \/ Yoast SEO plugin. -->","yoast_head_json":{"title":"NPK 20.0.10+TE - C\u00d4NG TY C\u1ed4 PH\u1ea6N T\u1eacP \u0110O\u00c0N THANH H\u00c0","robots":{"index":"index","follow":"follow","max-snippet":"max-snippet:-1","max-image-preview":"max-image-preview:large","max-video-preview":"max-video-preview:-1"},"canonical":"https:\/\/tapdoanthanhha.com\/san-pham\/npk-20-0-10te\/","og_locale":"en_US","og_type":"article","og_title":"NPK 20.0.10+TE - C\u00d4NG TY C\u1ed4 PH\u1ea6N T\u1eacP \u0110O\u00c0N THANH H\u00c0","og_description":"Ph\u00e2n b\u00f3n cao c\u1ea5p NK 20-10+TE \u0111\u01b0\u1ee3c s\u1ea3n xu\u1ea5t tr\u00ean d\u00e2y chuy\u1ec1n c\u00f4ng ngh\u1ec7 hi\u1ec7n \u0111\u1ea1i, ph\u1ed1i tr\u1ed9n theo t\u1ec9 l\u1ec7, \u0111\u1ecbnh l\u01b0\u1ee3ng \u0111\u00f3ng bao t\u1ef1 \u0111\u1ed9ng v\u00e0 s\u1eed d\u1ee5ng ngu\u1ed3n nguy\u00ean li\u1ec7u ch\u1ecdn l\u1ecdc gi\u00fap c\u00e2y tr\u1ed3ng h\u1ea5p thu ho\u00e0n to\u00e0n c\u00e1c ch\u1ea5t dinh d\u01b0\u1ee1ng, gi\u1ea3m th\u1ea5t tho\u00e1t v\u00e0 th\u00edch h\u1ee3p trong giai \u0111o\u1ea1n \u0111\u00f3n \u0111\u00f2ng ho\u1eb7c xo\u1eafn n\u00f5n.","og_url":"https:\/\/tapdoanthanhha.com\/san-pham\/npk-20-0-10te\/","og_site_name":"C\u00d4NG TY C\u1ed4 PH\u1ea6N T\u1eacP \u0110O\u00c0N THANH H\u00c0","article_publisher":"https:\/\/www.facebook.com\/congtytuthanhha","article_modified_time":"2026-04-17T19:13:36+00:00","og_image":[{"width":1447,"height":1789,"url":"https:\/\/tapdoanthanhha.com\/wp-content\/uploads\/2024\/08\/08c5743f39e19dbfc4f036.jpg","type":"image\/jpeg"}],"twitter_card":"summary_large_image","twitter_misc":{"Est. reading time":"1 minute"},"schema":{"@context":"https:\/\/schema.org","@graph":[{"@type":"WebPage","@id":"https:\/\/tapdoanthanhha.com\/san-pham\/npk-20-0-10te\/","url":"https:\/\/tapdoanthanhha.com\/san-pham\/npk-20-0-10te\/","name":"NPK 20.0.10+TE - C\u00d4NG TY C\u1ed4 PH\u1ea6N T\u1eacP \u0110O\u00c0N THANH H\u00c0","isPartOf":{"@id":"https:\/\/tapdoanthanhha.com\/#website"},"primaryImageOfPage":{"@id":"https:\/\/tapdoanthanhha.com\/san-pham\/npk-20-0-10te\/#primaryimage"},"image":{"@id":"https:\/\/tapdoanthanhha.com\/san-pham\/npk-20-0-10te\/#primaryimage"},"thumbnailUrl":"https:\/\/tapdoanthanhha.com\/wp-content\/uploads\/2024\/08\/08c5743f39e19dbfc4f036.jpg","datePublished":"2024-08-16T02:40:46+00:00","dateModified":"2026-04-17T19:13:36+00:00","breadcrumb":{"@id":"https:\/\/tapdoanthanhha.com\/san-pham\/npk-20-0-10te\/#breadcrumb"},"inLanguage":"en-US","potentialAction":[{"@type":"ReadAction","target":["https:\/\/tapdoanthanhha.com\/san-pham\/npk-20-0-10te\/"]}]},{"@type":"ImageObject","inLanguage":"en-US","@id":"https:\/\/tapdoanthanhha.com\/san-pham\/npk-20-0-10te\/#primaryimage","url":"https:\/\/tapdoanthanhha.com\/wp-content\/uploads\/2024\/08\/08c5743f39e19dbfc4f036.jpg","contentUrl":"https:\/\/tapdoanthanhha.com\/wp-content\/uploads\/2024\/08\/08c5743f39e19dbfc4f036.jpg","width":1447,"height":1789},{"@type":"BreadcrumbList","@id":"https:\/\/tapdoanthanhha.com\/san-pham\/npk-20-0-10te\/#breadcrumb","itemListElement":[{"@type":"ListItem","position":1,"name":"Trang ch\u1ee7","item":"https:\/\/tapdoanthanhha.com\/en\/"},{"@type":"ListItem","position":2,"name":"S\u1ea3n ph\u1ea9m","item":"https:\/\/tapdoanthanhha.com\/shop\/"},{"@type":"ListItem","position":3,"name":"NPK 20.0.10+TE"}]},{"@type":"WebSite","@id":"https:\/\/tapdoanthanhha.com\/#website","url":"https:\/\/tapdoanthanhha.com\/","name":"C\u00d4NG TY C\u1ed4 PH\u1ea6N T\u1eacP \u0110O\u00c0N THANH H\u00c0","description":"","publisher":{"@id":"https:\/\/tapdoanthanhha.com\/#organization"},"potentialAction":[{"@type":"SearchAction","target":{"@type":"EntryPoint","urlTemplate":"https:\/\/tapdoanthanhha.com\/?s={search_term_string}"},"query-input":"required name=search_term_string"}],"inLanguage":"en-US"},{"@type":"Organization","@id":"https:\/\/tapdoanthanhha.com\/#organization","name":"C\u00d4NG TY C\u1ed4 PH\u1ea6N T\u1eacP \u0110O\u00c0N THANH H\u00c0","url":"https:\/\/tapdoanthanhha.com\/","logo":{"@type":"ImageObject","inLanguage":"en-US","@id":"https:\/\/tapdoanthanhha.com\/#\/schema\/logo\/image\/","url":"https:\/\/tapdoanthanhha.com\/wp-content\/uploads\/2024\/08\/logo.png","contentUrl":"https:\/\/tapdoanthanhha.com\/wp-content\/uploads\/2024\/08\/logo.png","width":640,"height":490,"caption":"C\u00d4NG TY C\u1ed4 PH\u1ea6N T\u1eacP \u0110O\u00c0N THANH H\u00c0"},"image":{"@id":"https:\/\/tapdoanthanhha.com\/#\/schema\/logo\/image\/"},"sameAs":["https:\/\/www.facebook.com\/congtytuthanhha"]}]}},"_links":{"self":[{"href":"https:\/\/tapdoanthanhha.com\/en\/wp-json\/wp\/v2\/product\/970"}],"collection":[{"href":"https:\/\/tapdoanthanhha.com\/en\/wp-json\/wp\/v2\/product"}],"about":[{"href":"https:\/\/tapdoanthanhha.com\/en\/wp-json\/wp\/v2\/types\/product"}],"replies":[{"embeddable":true,"href":"https:\/\/tapdoanthanhha.com\/en\/wp-json\/wp\/v2\/comments?post=970"}],"version-history":[{"count":1,"href":"https:\/\/tapdoanthanhha.com\/en\/wp-json\/wp\/v2\/product\/970\/revisions"}],"predecessor-version":[{"id":972,"href":"https:\/\/tapdoanthanhha.com\/en\/wp-json\/wp\/v2\/product\/970\/revisions\/972"}],"wp:featuredmedia":[{"embeddable":true,"href":"https:\/\/tapdoanthanhha.com\/en\/wp-json\/wp\/v2\/media\/1247"}],"wp:attachment":[{"href":"https:\/\/tapdoanthanhha.com\/en\/wp-json\/wp\/v2\/media?parent=970"}],"wp:term":[{"taxonomy":"product_cat","embeddable":true,"href":"https:\/\/tapdoanthanhha.com\/en\/wp-json\/wp\/v2\/product_cat?post=970"},{"taxonomy":"product_tag","embeddable":true,"href":"https:\/\/tapdoanthanhha.com\/en\/wp-json\/wp\/v2\/product_tag?post=970"}],"curies":[{"name":"wp","href":"https:\/\/api.w.org\/{rel}","templated":true}]}}