{"id":965,"date":"2024-08-16T02:12:02","date_gmt":"2024-08-16T02:12:02","guid":{"rendered":"https:\/\/tapdoanthanhha.com\/?post_type=product&#038;p=965"},"modified":"2024-08-18T12:54:39","modified_gmt":"2024-08-18T12:54:39","slug":"npk-20-20-15-te","status":"publish","type":"product","link":"https:\/\/tapdoanthanhha.com\/en\/san-pham\/npk-20-20-15-te\/","title":{"rendered":"NPK 20.20.15 +TE"},"content":{"rendered":"<p><img fetchpriority=\"high\" decoding=\"async\" class=\"alignnone size-full wp-image-966\" src=\"https:\/\/tapdoanthanhha.com\/wp-content\/uploads\/2024\/08\/175e9985-5e16-4183-9dc1-03b11dcd594a.jpg\" alt=\"\" width=\"1449\" height=\"2048\" srcset=\"https:\/\/tapdoanthanhha.com\/wp-content\/uploads\/2024\/08\/175e9985-5e16-4183-9dc1-03b11dcd594a.jpg 1449w, https:\/\/tapdoanthanhha.com\/wp-content\/uploads\/2024\/08\/175e9985-5e16-4183-9dc1-03b11dcd594a-212x300.jpg 212w, https:\/\/tapdoanthanhha.com\/wp-content\/uploads\/2024\/08\/175e9985-5e16-4183-9dc1-03b11dcd594a-725x1024.jpg 725w, https:\/\/tapdoanthanhha.com\/wp-content\/uploads\/2024\/08\/175e9985-5e16-4183-9dc1-03b11dcd594a-768x1085.jpg 768w, https:\/\/tapdoanthanhha.com\/wp-content\/uploads\/2024\/08\/175e9985-5e16-4183-9dc1-03b11dcd594a-1087x1536.jpg 1087w, https:\/\/tapdoanthanhha.com\/wp-content\/uploads\/2024\/08\/175e9985-5e16-4183-9dc1-03b11dcd594a-103x146.jpg 103w, https:\/\/tapdoanthanhha.com\/wp-content\/uploads\/2024\/08\/175e9985-5e16-4183-9dc1-03b11dcd594a-35x50.jpg 35w, https:\/\/tapdoanthanhha.com\/wp-content\/uploads\/2024\/08\/175e9985-5e16-4183-9dc1-03b11dcd594a-53x75.jpg 53w, https:\/\/tapdoanthanhha.com\/wp-content\/uploads\/2024\/08\/175e9985-5e16-4183-9dc1-03b11dcd594a-800x1131.jpg 800w\" sizes=\"(max-width: 1449px) 100vw, 1449px\" \/><\/p>\n","protected":false},"excerpt":{"rendered":"<p>Ph\u00e2n b\u00f3n cao c\u1ea5p <strong>NPK 20-20-15+TE<\/strong> \u0111\u01b0\u1ee3c s\u1ea3n xu\u1ea5t tr\u00ean d\u00e2y chuy\u1ec1n c\u00f4ng ngh\u1ec7 hi\u1ec7n \u0111\u1ea1i, ph\u1ed1i tr\u1ed9n theo t\u1ec9 l\u1ec7, \u0111\u1ecbnh l\u01b0\u1ee3ng \u0111\u00f3ng bao t\u1ef1 \u0111\u1ed9ng v\u00e0 s\u1eed d\u1ee5ng ngu\u1ed3n nguy\u00ean li\u1ec7u ngo\u1ea1i nh\u1eadp ch\u1ecdn l\u1ecdc, c\u00e2n \u0111\u1ed1i h\u00e0m l\u01b0\u1ee3ng \u0111\u1ea1m, l\u1eabn, kali cao gi\u00fap cho c\u00e2y t\u0103ng tr\u01b0\u1edfng v\u00e0 ph\u00e1t tri\u1ec3n nhanh th\u00edch h\u1ee3p \u1edf giai \u0111o\u1ea1n \u0111\u1ea7u m\u00f9a v\u1ee5 ho\u1eb7c b\u00f3n th\u00fac gi\u00fap c\u00e2y t\u0103ng h\u1ec7 r\u1ec5 v\u00e0 ch\u1ed1ng \u0111\u1ed5 ng\u00e3.<\/p>\n","protected":false},"featured_media":1251,"comment_status":"open","ping_status":"closed","template":"","meta":[],"product_cat":[65],"product_tag":[72],"class_list":{"0":"post-965","1":"product","2":"type-product","3":"status-publish","4":"has-post-thumbnail","6":"product_cat-phan-bon-vo-co","7":"product_tag-san-pham-ba-mau","9":"first","10":"instock","11":"shipping-taxable","12":"product-type-simple"},"yoast_head":"<!-- This site is optimized with the Yoast SEO plugin v23.2 - https:\/\/yoast.com\/wordpress\/plugins\/seo\/ -->\n<title>NPK 20.20.15 +TE - C\u00d4NG TY C\u1ed4 PH\u1ea6N T\u1eacP \u0110O\u00c0N THANH H\u00c0<\/title>\n<meta name=\"robots\" content=\"index, follow, max-snippet:-1, max-image-preview:large, max-video-preview:-1\" \/>\n<link rel=\"canonical\" href=\"https:\/\/tapdoanthanhha.com\/san-pham\/npk-20-20-15-te\/\" \/>\n<meta property=\"og:locale\" content=\"en_US\" \/>\n<meta property=\"og:type\" content=\"article\" \/>\n<meta property=\"og:title\" content=\"NPK 20.20.15 +TE - C\u00d4NG TY C\u1ed4 PH\u1ea6N T\u1eacP \u0110O\u00c0N THANH H\u00c0\" \/>\n<meta property=\"og:description\" content=\"Ph\u00e2n b\u00f3n cao c\u1ea5p NPK 20-20-15+TE \u0111\u01b0\u1ee3c s\u1ea3n xu\u1ea5t tr\u00ean d\u00e2y chuy\u1ec1n c\u00f4ng ngh\u1ec7 hi\u1ec7n \u0111\u1ea1i, ph\u1ed1i tr\u1ed9n theo t\u1ec9 l\u1ec7, \u0111\u1ecbnh l\u01b0\u1ee3ng \u0111\u00f3ng bao t\u1ef1 \u0111\u1ed9ng v\u00e0 s\u1eed d\u1ee5ng ngu\u1ed3n nguy\u00ean li\u1ec7u ngo\u1ea1i nh\u1eadp ch\u1ecdn l\u1ecdc, c\u00e2n \u0111\u1ed1i h\u00e0m l\u01b0\u1ee3ng \u0111\u1ea1m, l\u1eabn, kali cao gi\u00fap cho c\u00e2y t\u0103ng tr\u01b0\u1edfng v\u00e0 ph\u00e1t tri\u1ec3n nhanh th\u00edch h\u1ee3p \u1edf giai \u0111o\u1ea1n \u0111\u1ea7u m\u00f9a v\u1ee5 ho\u1eb7c b\u00f3n th\u00fac gi\u00fap c\u00e2y t\u0103ng h\u1ec7 r\u1ec5 v\u00e0 ch\u1ed1ng \u0111\u1ed5 ng\u00e3.\" \/>\n<meta property=\"og:url\" content=\"https:\/\/tapdoanthanhha.com\/san-pham\/npk-20-20-15-te\/\" \/>\n<meta property=\"og:site_name\" content=\"C\u00d4NG TY C\u1ed4 PH\u1ea6N T\u1eacP \u0110O\u00c0N THANH H\u00c0\" \/>\n<meta property=\"article:publisher\" content=\"https:\/\/www.facebook.com\/congtytuthanhha\" \/>\n<meta property=\"article:modified_time\" content=\"2024-08-18T12:54:39+00:00\" \/>\n<meta property=\"og:image\" content=\"https:\/\/tapdoanthanhha.com\/wp-content\/uploads\/2024\/08\/bd2ae822a5fc01a258ed30.jpg\" \/>\n\t<meta property=\"og:image:width\" content=\"1447\" \/>\n\t<meta property=\"og:image:height\" content=\"1789\" \/>\n\t<meta property=\"og:image:type\" content=\"image\/jpeg\" \/>\n<meta name=\"twitter:card\" content=\"summary_large_image\" \/>\n<meta name=\"twitter:label1\" content=\"Est. reading time\" \/>\n\t<meta name=\"twitter:data1\" content=\"1 minute\" \/>\n<script type=\"application\/ld+json\" class=\"yoast-schema-graph\">{\"@context\":\"https:\/\/schema.org\",\"@graph\":[{\"@type\":\"WebPage\",\"@id\":\"https:\/\/tapdoanthanhha.com\/san-pham\/npk-20-20-15-te\/\",\"url\":\"https:\/\/tapdoanthanhha.com\/san-pham\/npk-20-20-15-te\/\",\"name\":\"NPK 20.20.15 +TE - C\u00d4NG TY C\u1ed4 PH\u1ea6N T\u1eacP \u0110O\u00c0N THANH H\u00c0\",\"isPartOf\":{\"@id\":\"https:\/\/tapdoanthanhha.com\/#website\"},\"primaryImageOfPage\":{\"@id\":\"https:\/\/tapdoanthanhha.com\/san-pham\/npk-20-20-15-te\/#primaryimage\"},\"image\":{\"@id\":\"https:\/\/tapdoanthanhha.com\/san-pham\/npk-20-20-15-te\/#primaryimage\"},\"thumbnailUrl\":\"https:\/\/tapdoanthanhha.com\/wp-content\/uploads\/2024\/08\/bd2ae822a5fc01a258ed30.jpg\",\"datePublished\":\"2024-08-16T02:12:02+00:00\",\"dateModified\":\"2024-08-18T12:54:39+00:00\",\"breadcrumb\":{\"@id\":\"https:\/\/tapdoanthanhha.com\/san-pham\/npk-20-20-15-te\/#breadcrumb\"},\"inLanguage\":\"en-US\",\"potentialAction\":[{\"@type\":\"ReadAction\",\"target\":[\"https:\/\/tapdoanthanhha.com\/san-pham\/npk-20-20-15-te\/\"]}]},{\"@type\":\"ImageObject\",\"inLanguage\":\"en-US\",\"@id\":\"https:\/\/tapdoanthanhha.com\/san-pham\/npk-20-20-15-te\/#primaryimage\",\"url\":\"https:\/\/tapdoanthanhha.com\/wp-content\/uploads\/2024\/08\/bd2ae822a5fc01a258ed30.jpg\",\"contentUrl\":\"https:\/\/tapdoanthanhha.com\/wp-content\/uploads\/2024\/08\/bd2ae822a5fc01a258ed30.jpg\",\"width\":1447,\"height\":1789},{\"@type\":\"BreadcrumbList\",\"@id\":\"https:\/\/tapdoanthanhha.com\/san-pham\/npk-20-20-15-te\/#breadcrumb\",\"itemListElement\":[{\"@type\":\"ListItem\",\"position\":1,\"name\":\"Trang ch\u1ee7\",\"item\":\"https:\/\/tapdoanthanhha.com\/en\/\"},{\"@type\":\"ListItem\",\"position\":2,\"name\":\"S\u1ea3n ph\u1ea9m\",\"item\":\"https:\/\/tapdoanthanhha.com\/shop\/\"},{\"@type\":\"ListItem\",\"position\":3,\"name\":\"NPK 20.20.15 +TE\"}]},{\"@type\":\"WebSite\",\"@id\":\"https:\/\/tapdoanthanhha.com\/#website\",\"url\":\"https:\/\/tapdoanthanhha.com\/\",\"name\":\"C\u00d4NG TY C\u1ed4 PH\u1ea6N T\u1eacP \u0110O\u00c0N THANH H\u00c0\",\"description\":\"\",\"publisher\":{\"@id\":\"https:\/\/tapdoanthanhha.com\/#organization\"},\"potentialAction\":[{\"@type\":\"SearchAction\",\"target\":{\"@type\":\"EntryPoint\",\"urlTemplate\":\"https:\/\/tapdoanthanhha.com\/?s={search_term_string}\"},\"query-input\":\"required name=search_term_string\"}],\"inLanguage\":\"en-US\"},{\"@type\":\"Organization\",\"@id\":\"https:\/\/tapdoanthanhha.com\/#organization\",\"name\":\"C\u00d4NG TY C\u1ed4 PH\u1ea6N T\u1eacP \u0110O\u00c0N THANH H\u00c0\",\"url\":\"https:\/\/tapdoanthanhha.com\/\",\"logo\":{\"@type\":\"ImageObject\",\"inLanguage\":\"en-US\",\"@id\":\"https:\/\/tapdoanthanhha.com\/#\/schema\/logo\/image\/\",\"url\":\"https:\/\/tapdoanthanhha.com\/wp-content\/uploads\/2024\/08\/logo.png\",\"contentUrl\":\"https:\/\/tapdoanthanhha.com\/wp-content\/uploads\/2024\/08\/logo.png\",\"width\":640,\"height\":490,\"caption\":\"C\u00d4NG TY C\u1ed4 PH\u1ea6N T\u1eacP \u0110O\u00c0N THANH H\u00c0\"},\"image\":{\"@id\":\"https:\/\/tapdoanthanhha.com\/#\/schema\/logo\/image\/\"},\"sameAs\":[\"https:\/\/www.facebook.com\/congtytuthanhha\"]}]}<\/script>\n<!-- \/ Yoast SEO plugin. -->","yoast_head_json":{"title":"NPK 20.20.15 +TE - C\u00d4NG TY C\u1ed4 PH\u1ea6N T\u1eacP \u0110O\u00c0N THANH H\u00c0","robots":{"index":"index","follow":"follow","max-snippet":"max-snippet:-1","max-image-preview":"max-image-preview:large","max-video-preview":"max-video-preview:-1"},"canonical":"https:\/\/tapdoanthanhha.com\/san-pham\/npk-20-20-15-te\/","og_locale":"en_US","og_type":"article","og_title":"NPK 20.20.15 +TE - C\u00d4NG TY C\u1ed4 PH\u1ea6N T\u1eacP \u0110O\u00c0N THANH H\u00c0","og_description":"Ph\u00e2n b\u00f3n cao c\u1ea5p NPK 20-20-15+TE \u0111\u01b0\u1ee3c s\u1ea3n xu\u1ea5t tr\u00ean d\u00e2y chuy\u1ec1n c\u00f4ng ngh\u1ec7 hi\u1ec7n \u0111\u1ea1i, ph\u1ed1i tr\u1ed9n theo t\u1ec9 l\u1ec7, \u0111\u1ecbnh l\u01b0\u1ee3ng \u0111\u00f3ng bao t\u1ef1 \u0111\u1ed9ng v\u00e0 s\u1eed d\u1ee5ng ngu\u1ed3n nguy\u00ean li\u1ec7u ngo\u1ea1i nh\u1eadp ch\u1ecdn l\u1ecdc, c\u00e2n \u0111\u1ed1i h\u00e0m l\u01b0\u1ee3ng \u0111\u1ea1m, l\u1eabn, kali cao gi\u00fap cho c\u00e2y t\u0103ng tr\u01b0\u1edfng v\u00e0 ph\u00e1t tri\u1ec3n nhanh th\u00edch h\u1ee3p \u1edf giai \u0111o\u1ea1n \u0111\u1ea7u m\u00f9a v\u1ee5 ho\u1eb7c b\u00f3n th\u00fac gi\u00fap c\u00e2y t\u0103ng h\u1ec7 r\u1ec5 v\u00e0 ch\u1ed1ng \u0111\u1ed5 ng\u00e3.","og_url":"https:\/\/tapdoanthanhha.com\/san-pham\/npk-20-20-15-te\/","og_site_name":"C\u00d4NG TY C\u1ed4 PH\u1ea6N T\u1eacP \u0110O\u00c0N THANH H\u00c0","article_publisher":"https:\/\/www.facebook.com\/congtytuthanhha","article_modified_time":"2024-08-18T12:54:39+00:00","og_image":[{"width":1447,"height":1789,"url":"https:\/\/tapdoanthanhha.com\/wp-content\/uploads\/2024\/08\/bd2ae822a5fc01a258ed30.jpg","type":"image\/jpeg"}],"twitter_card":"summary_large_image","twitter_misc":{"Est. reading time":"1 minute"},"schema":{"@context":"https:\/\/schema.org","@graph":[{"@type":"WebPage","@id":"https:\/\/tapdoanthanhha.com\/san-pham\/npk-20-20-15-te\/","url":"https:\/\/tapdoanthanhha.com\/san-pham\/npk-20-20-15-te\/","name":"NPK 20.20.15 +TE - C\u00d4NG TY C\u1ed4 PH\u1ea6N T\u1eacP \u0110O\u00c0N THANH H\u00c0","isPartOf":{"@id":"https:\/\/tapdoanthanhha.com\/#website"},"primaryImageOfPage":{"@id":"https:\/\/tapdoanthanhha.com\/san-pham\/npk-20-20-15-te\/#primaryimage"},"image":{"@id":"https:\/\/tapdoanthanhha.com\/san-pham\/npk-20-20-15-te\/#primaryimage"},"thumbnailUrl":"https:\/\/tapdoanthanhha.com\/wp-content\/uploads\/2024\/08\/bd2ae822a5fc01a258ed30.jpg","datePublished":"2024-08-16T02:12:02+00:00","dateModified":"2024-08-18T12:54:39+00:00","breadcrumb":{"@id":"https:\/\/tapdoanthanhha.com\/san-pham\/npk-20-20-15-te\/#breadcrumb"},"inLanguage":"en-US","potentialAction":[{"@type":"ReadAction","target":["https:\/\/tapdoanthanhha.com\/san-pham\/npk-20-20-15-te\/"]}]},{"@type":"ImageObject","inLanguage":"en-US","@id":"https:\/\/tapdoanthanhha.com\/san-pham\/npk-20-20-15-te\/#primaryimage","url":"https:\/\/tapdoanthanhha.com\/wp-content\/uploads\/2024\/08\/bd2ae822a5fc01a258ed30.jpg","contentUrl":"https:\/\/tapdoanthanhha.com\/wp-content\/uploads\/2024\/08\/bd2ae822a5fc01a258ed30.jpg","width":1447,"height":1789},{"@type":"BreadcrumbList","@id":"https:\/\/tapdoanthanhha.com\/san-pham\/npk-20-20-15-te\/#breadcrumb","itemListElement":[{"@type":"ListItem","position":1,"name":"Trang ch\u1ee7","item":"https:\/\/tapdoanthanhha.com\/en\/"},{"@type":"ListItem","position":2,"name":"S\u1ea3n ph\u1ea9m","item":"https:\/\/tapdoanthanhha.com\/shop\/"},{"@type":"ListItem","position":3,"name":"NPK 20.20.15 +TE"}]},{"@type":"WebSite","@id":"https:\/\/tapdoanthanhha.com\/#website","url":"https:\/\/tapdoanthanhha.com\/","name":"C\u00d4NG TY C\u1ed4 PH\u1ea6N T\u1eacP \u0110O\u00c0N THANH H\u00c0","description":"","publisher":{"@id":"https:\/\/tapdoanthanhha.com\/#organization"},"potentialAction":[{"@type":"SearchAction","target":{"@type":"EntryPoint","urlTemplate":"https:\/\/tapdoanthanhha.com\/?s={search_term_string}"},"query-input":"required name=search_term_string"}],"inLanguage":"en-US"},{"@type":"Organization","@id":"https:\/\/tapdoanthanhha.com\/#organization","name":"C\u00d4NG TY C\u1ed4 PH\u1ea6N T\u1eacP \u0110O\u00c0N THANH H\u00c0","url":"https:\/\/tapdoanthanhha.com\/","logo":{"@type":"ImageObject","inLanguage":"en-US","@id":"https:\/\/tapdoanthanhha.com\/#\/schema\/logo\/image\/","url":"https:\/\/tapdoanthanhha.com\/wp-content\/uploads\/2024\/08\/logo.png","contentUrl":"https:\/\/tapdoanthanhha.com\/wp-content\/uploads\/2024\/08\/logo.png","width":640,"height":490,"caption":"C\u00d4NG TY C\u1ed4 PH\u1ea6N T\u1eacP \u0110O\u00c0N THANH H\u00c0"},"image":{"@id":"https:\/\/tapdoanthanhha.com\/#\/schema\/logo\/image\/"},"sameAs":["https:\/\/www.facebook.com\/congtytuthanhha"]}]}},"_links":{"self":[{"href":"https:\/\/tapdoanthanhha.com\/en\/wp-json\/wp\/v2\/product\/965"}],"collection":[{"href":"https:\/\/tapdoanthanhha.com\/en\/wp-json\/wp\/v2\/product"}],"about":[{"href":"https:\/\/tapdoanthanhha.com\/en\/wp-json\/wp\/v2\/types\/product"}],"replies":[{"embeddable":true,"href":"https:\/\/tapdoanthanhha.com\/en\/wp-json\/wp\/v2\/comments?post=965"}],"version-history":[{"count":1,"href":"https:\/\/tapdoanthanhha.com\/en\/wp-json\/wp\/v2\/product\/965\/revisions"}],"predecessor-version":[{"id":969,"href":"https:\/\/tapdoanthanhha.com\/en\/wp-json\/wp\/v2\/product\/965\/revisions\/969"}],"wp:featuredmedia":[{"embeddable":true,"href":"https:\/\/tapdoanthanhha.com\/en\/wp-json\/wp\/v2\/media\/1251"}],"wp:attachment":[{"href":"https:\/\/tapdoanthanhha.com\/en\/wp-json\/wp\/v2\/media?parent=965"}],"wp:term":[{"taxonomy":"product_cat","embeddable":true,"href":"https:\/\/tapdoanthanhha.com\/en\/wp-json\/wp\/v2\/product_cat?post=965"},{"taxonomy":"product_tag","embeddable":true,"href":"https:\/\/tapdoanthanhha.com\/en\/wp-json\/wp\/v2\/product_tag?post=965"}],"curies":[{"name":"wp","href":"https:\/\/api.w.org\/{rel}","templated":true}]}}