{"id":957,"date":"2024-08-16T01:49:30","date_gmt":"2024-08-16T01:49:30","guid":{"rendered":"https:\/\/tapdoanthanhha.com\/?post_type=product&#038;p=957"},"modified":"2026-04-17T19:13:16","modified_gmt":"2026-04-17T19:13:16","slug":"npk-17-6-18-lua-3","status":"publish","type":"product","link":"https:\/\/tapdoanthanhha.com\/en\/san-pham\/npk-17-6-18-lua-3\/","title":{"rendered":"NPK 17.6.18 (L\u00faa 3)"},"content":{"rendered":"<p><img fetchpriority=\"high\" decoding=\"async\" class=\"alignnone size-full wp-image-958\" src=\"https:\/\/tapdoanthanhha.com\/wp-content\/uploads\/2024\/08\/39e9711e-e46a-47ab-aa3a-d263b2a19946.jpg\" alt=\"\" width=\"1448\" height=\"2048\" srcset=\"https:\/\/tapdoanthanhha.com\/wp-content\/uploads\/2024\/08\/39e9711e-e46a-47ab-aa3a-d263b2a19946.jpg 1448w, https:\/\/tapdoanthanhha.com\/wp-content\/uploads\/2024\/08\/39e9711e-e46a-47ab-aa3a-d263b2a19946-212x300.jpg 212w, https:\/\/tapdoanthanhha.com\/wp-content\/uploads\/2024\/08\/39e9711e-e46a-47ab-aa3a-d263b2a19946-724x1024.jpg 724w, https:\/\/tapdoanthanhha.com\/wp-content\/uploads\/2024\/08\/39e9711e-e46a-47ab-aa3a-d263b2a19946-768x1086.jpg 768w, https:\/\/tapdoanthanhha.com\/wp-content\/uploads\/2024\/08\/39e9711e-e46a-47ab-aa3a-d263b2a19946-1086x1536.jpg 1086w, https:\/\/tapdoanthanhha.com\/wp-content\/uploads\/2024\/08\/39e9711e-e46a-47ab-aa3a-d263b2a19946-103x146.jpg 103w, https:\/\/tapdoanthanhha.com\/wp-content\/uploads\/2024\/08\/39e9711e-e46a-47ab-aa3a-d263b2a19946-35x50.jpg 35w, https:\/\/tapdoanthanhha.com\/wp-content\/uploads\/2024\/08\/39e9711e-e46a-47ab-aa3a-d263b2a19946-53x75.jpg 53w, https:\/\/tapdoanthanhha.com\/wp-content\/uploads\/2024\/08\/39e9711e-e46a-47ab-aa3a-d263b2a19946-800x1131.jpg 800w\" sizes=\"(max-width: 1448px) 100vw, 1448px\" \/><\/p>\n","protected":false},"excerpt":{"rendered":"<p>S\u1ea3n ph\u1ea9m ph\u00e2n b\u00f3n <strong>NPK 17-6-18+TE+Bo<\/strong> \u0111\u01b0\u1ee3c s\u1ea3n xu\u1ea5t tr\u00ean d\u00e2y chuy\u1ec1n c\u00f4ng ngh\u1ec7 hi\u1ec7n \u0111\u1ea1i, s\u1eed d\u1ee5ng ngu\u1ed3n nguy\u00ean li\u1ec7u ch\u1ecdn l\u1ecdc gi\u00fap b\u1ed5 sung h\u00e0m l\u01b0\u1ee3ng dinh d\u01b0\u1ee1ng trung vi l\u01b0\u1ee3ng cho c\u00e2y l\u00faa giai \u0111o\u1ea1n 3. L\u01b0\u1ee3ng Bo \u0111\u01b0\u1ee3c nghi\u00ean c\u1ee9u v\u00e0 ph\u1ed1i tr\u1ed9n theo t\u1ec9 l\u1ec7 t\u1ed1i \u01b0u gi\u00fap c\u00e2y l\u00faa \u0111\u00f2ng to, tr\u1ed5 \u0111\u1ec1u, b\u00f4ng l\u1edbn v\u00e0 ch\u1eafc h\u1ea1t.<\/p>\n","protected":false},"featured_media":1245,"comment_status":"open","ping_status":"closed","template":"","meta":[],"product_cat":[65],"product_tag":[72],"class_list":{"0":"post-957","1":"product","2":"type-product","3":"status-publish","4":"has-post-thumbnail","6":"product_cat-phan-bon-vo-co","7":"product_tag-san-pham-ba-mau","9":"first","10":"instock","11":"shipping-taxable","12":"product-type-simple"},"yoast_head":"<!-- This site is optimized with the Yoast SEO plugin v23.2 - https:\/\/yoast.com\/wordpress\/plugins\/seo\/ -->\n<title>NPK 17.6.18 (L\u00faa 3) - C\u00d4NG TY C\u1ed4 PH\u1ea6N T\u1eacP \u0110O\u00c0N THANH H\u00c0<\/title>\n<meta name=\"robots\" content=\"index, follow, max-snippet:-1, max-image-preview:large, max-video-preview:-1\" \/>\n<link rel=\"canonical\" href=\"https:\/\/tapdoanthanhha.com\/san-pham\/npk-17-6-18-lua-3\/\" \/>\n<meta property=\"og:locale\" content=\"en_US\" \/>\n<meta property=\"og:type\" content=\"article\" \/>\n<meta property=\"og:title\" content=\"NPK 17.6.18 (L\u00faa 3) - C\u00d4NG TY C\u1ed4 PH\u1ea6N T\u1eacP \u0110O\u00c0N THANH H\u00c0\" \/>\n<meta property=\"og:description\" content=\"S\u1ea3n ph\u1ea9m ph\u00e2n b\u00f3n NPK 17-6-18+TE+Bo \u0111\u01b0\u1ee3c s\u1ea3n xu\u1ea5t tr\u00ean d\u00e2y chuy\u1ec1n c\u00f4ng ngh\u1ec7 hi\u1ec7n \u0111\u1ea1i, s\u1eed d\u1ee5ng ngu\u1ed3n nguy\u00ean li\u1ec7u ch\u1ecdn l\u1ecdc gi\u00fap b\u1ed5 sung h\u00e0m l\u01b0\u1ee3ng dinh d\u01b0\u1ee1ng trung vi l\u01b0\u1ee3ng cho c\u00e2y l\u00faa giai \u0111o\u1ea1n 3. L\u01b0\u1ee3ng Bo \u0111\u01b0\u1ee3c nghi\u00ean c\u1ee9u v\u00e0 ph\u1ed1i tr\u1ed9n theo t\u1ec9 l\u1ec7 t\u1ed1i \u01b0u gi\u00fap c\u00e2y l\u00faa \u0111\u00f2ng to, tr\u1ed5 \u0111\u1ec1u, b\u00f4ng l\u1edbn v\u00e0 ch\u1eafc h\u1ea1t.\" \/>\n<meta property=\"og:url\" content=\"https:\/\/tapdoanthanhha.com\/san-pham\/npk-17-6-18-lua-3\/\" \/>\n<meta property=\"og:site_name\" content=\"C\u00d4NG TY C\u1ed4 PH\u1ea6N T\u1eacP \u0110O\u00c0N THANH H\u00c0\" \/>\n<meta property=\"article:publisher\" content=\"https:\/\/www.facebook.com\/congtytuthanhha\" \/>\n<meta property=\"article:modified_time\" content=\"2026-04-17T19:13:16+00:00\" \/>\n<meta property=\"og:image\" content=\"https:\/\/tapdoanthanhha.com\/wp-content\/uploads\/2024\/08\/fa381bd85606f258ab1740.jpg\" \/>\n\t<meta property=\"og:image:width\" content=\"1447\" \/>\n\t<meta property=\"og:image:height\" content=\"1789\" \/>\n\t<meta property=\"og:image:type\" content=\"image\/jpeg\" \/>\n<meta name=\"twitter:card\" content=\"summary_large_image\" \/>\n<meta name=\"twitter:label1\" content=\"Est. reading time\" \/>\n\t<meta name=\"twitter:data1\" content=\"1 minute\" \/>\n<script type=\"application\/ld+json\" class=\"yoast-schema-graph\">{\"@context\":\"https:\/\/schema.org\",\"@graph\":[{\"@type\":\"WebPage\",\"@id\":\"https:\/\/tapdoanthanhha.com\/san-pham\/npk-17-6-18-lua-3\/\",\"url\":\"https:\/\/tapdoanthanhha.com\/san-pham\/npk-17-6-18-lua-3\/\",\"name\":\"NPK 17.6.18 (L\u00faa 3) - C\u00d4NG TY C\u1ed4 PH\u1ea6N T\u1eacP \u0110O\u00c0N THANH H\u00c0\",\"isPartOf\":{\"@id\":\"https:\/\/tapdoanthanhha.com\/#website\"},\"primaryImageOfPage\":{\"@id\":\"https:\/\/tapdoanthanhha.com\/san-pham\/npk-17-6-18-lua-3\/#primaryimage\"},\"image\":{\"@id\":\"https:\/\/tapdoanthanhha.com\/san-pham\/npk-17-6-18-lua-3\/#primaryimage\"},\"thumbnailUrl\":\"https:\/\/tapdoanthanhha.com\/wp-content\/uploads\/2024\/08\/fa381bd85606f258ab1740.jpg\",\"datePublished\":\"2024-08-16T01:49:30+00:00\",\"dateModified\":\"2026-04-17T19:13:16+00:00\",\"breadcrumb\":{\"@id\":\"https:\/\/tapdoanthanhha.com\/san-pham\/npk-17-6-18-lua-3\/#breadcrumb\"},\"inLanguage\":\"en-US\",\"potentialAction\":[{\"@type\":\"ReadAction\",\"target\":[\"https:\/\/tapdoanthanhha.com\/san-pham\/npk-17-6-18-lua-3\/\"]}]},{\"@type\":\"ImageObject\",\"inLanguage\":\"en-US\",\"@id\":\"https:\/\/tapdoanthanhha.com\/san-pham\/npk-17-6-18-lua-3\/#primaryimage\",\"url\":\"https:\/\/tapdoanthanhha.com\/wp-content\/uploads\/2024\/08\/fa381bd85606f258ab1740.jpg\",\"contentUrl\":\"https:\/\/tapdoanthanhha.com\/wp-content\/uploads\/2024\/08\/fa381bd85606f258ab1740.jpg\",\"width\":1447,\"height\":1789},{\"@type\":\"BreadcrumbList\",\"@id\":\"https:\/\/tapdoanthanhha.com\/san-pham\/npk-17-6-18-lua-3\/#breadcrumb\",\"itemListElement\":[{\"@type\":\"ListItem\",\"position\":1,\"name\":\"Trang ch\u1ee7\",\"item\":\"https:\/\/tapdoanthanhha.com\/en\/\"},{\"@type\":\"ListItem\",\"position\":2,\"name\":\"S\u1ea3n ph\u1ea9m\",\"item\":\"https:\/\/tapdoanthanhha.com\/shop\/\"},{\"@type\":\"ListItem\",\"position\":3,\"name\":\"NPK 17.6.18 (L\u00faa 3)\"}]},{\"@type\":\"WebSite\",\"@id\":\"https:\/\/tapdoanthanhha.com\/#website\",\"url\":\"https:\/\/tapdoanthanhha.com\/\",\"name\":\"C\u00d4NG TY C\u1ed4 PH\u1ea6N T\u1eacP \u0110O\u00c0N THANH H\u00c0\",\"description\":\"\",\"publisher\":{\"@id\":\"https:\/\/tapdoanthanhha.com\/#organization\"},\"potentialAction\":[{\"@type\":\"SearchAction\",\"target\":{\"@type\":\"EntryPoint\",\"urlTemplate\":\"https:\/\/tapdoanthanhha.com\/?s={search_term_string}\"},\"query-input\":\"required name=search_term_string\"}],\"inLanguage\":\"en-US\"},{\"@type\":\"Organization\",\"@id\":\"https:\/\/tapdoanthanhha.com\/#organization\",\"name\":\"C\u00d4NG TY C\u1ed4 PH\u1ea6N T\u1eacP \u0110O\u00c0N THANH H\u00c0\",\"url\":\"https:\/\/tapdoanthanhha.com\/\",\"logo\":{\"@type\":\"ImageObject\",\"inLanguage\":\"en-US\",\"@id\":\"https:\/\/tapdoanthanhha.com\/#\/schema\/logo\/image\/\",\"url\":\"https:\/\/tapdoanthanhha.com\/wp-content\/uploads\/2024\/08\/logo.png\",\"contentUrl\":\"https:\/\/tapdoanthanhha.com\/wp-content\/uploads\/2024\/08\/logo.png\",\"width\":640,\"height\":490,\"caption\":\"C\u00d4NG TY C\u1ed4 PH\u1ea6N T\u1eacP \u0110O\u00c0N THANH H\u00c0\"},\"image\":{\"@id\":\"https:\/\/tapdoanthanhha.com\/#\/schema\/logo\/image\/\"},\"sameAs\":[\"https:\/\/www.facebook.com\/congtytuthanhha\"]}]}<\/script>\n<!-- \/ Yoast SEO plugin. -->","yoast_head_json":{"title":"NPK 17.6.18 (L\u00faa 3) - C\u00d4NG TY C\u1ed4 PH\u1ea6N T\u1eacP \u0110O\u00c0N THANH H\u00c0","robots":{"index":"index","follow":"follow","max-snippet":"max-snippet:-1","max-image-preview":"max-image-preview:large","max-video-preview":"max-video-preview:-1"},"canonical":"https:\/\/tapdoanthanhha.com\/san-pham\/npk-17-6-18-lua-3\/","og_locale":"en_US","og_type":"article","og_title":"NPK 17.6.18 (L\u00faa 3) - C\u00d4NG TY C\u1ed4 PH\u1ea6N T\u1eacP \u0110O\u00c0N THANH H\u00c0","og_description":"S\u1ea3n ph\u1ea9m ph\u00e2n b\u00f3n NPK 17-6-18+TE+Bo \u0111\u01b0\u1ee3c s\u1ea3n xu\u1ea5t tr\u00ean d\u00e2y chuy\u1ec1n c\u00f4ng ngh\u1ec7 hi\u1ec7n \u0111\u1ea1i, s\u1eed d\u1ee5ng ngu\u1ed3n nguy\u00ean li\u1ec7u ch\u1ecdn l\u1ecdc gi\u00fap b\u1ed5 sung h\u00e0m l\u01b0\u1ee3ng dinh d\u01b0\u1ee1ng trung vi l\u01b0\u1ee3ng cho c\u00e2y l\u00faa giai \u0111o\u1ea1n 3. L\u01b0\u1ee3ng Bo \u0111\u01b0\u1ee3c nghi\u00ean c\u1ee9u v\u00e0 ph\u1ed1i tr\u1ed9n theo t\u1ec9 l\u1ec7 t\u1ed1i \u01b0u gi\u00fap c\u00e2y l\u00faa \u0111\u00f2ng to, tr\u1ed5 \u0111\u1ec1u, b\u00f4ng l\u1edbn v\u00e0 ch\u1eafc h\u1ea1t.","og_url":"https:\/\/tapdoanthanhha.com\/san-pham\/npk-17-6-18-lua-3\/","og_site_name":"C\u00d4NG TY C\u1ed4 PH\u1ea6N T\u1eacP \u0110O\u00c0N THANH H\u00c0","article_publisher":"https:\/\/www.facebook.com\/congtytuthanhha","article_modified_time":"2026-04-17T19:13:16+00:00","og_image":[{"width":1447,"height":1789,"url":"https:\/\/tapdoanthanhha.com\/wp-content\/uploads\/2024\/08\/fa381bd85606f258ab1740.jpg","type":"image\/jpeg"}],"twitter_card":"summary_large_image","twitter_misc":{"Est. reading time":"1 minute"},"schema":{"@context":"https:\/\/schema.org","@graph":[{"@type":"WebPage","@id":"https:\/\/tapdoanthanhha.com\/san-pham\/npk-17-6-18-lua-3\/","url":"https:\/\/tapdoanthanhha.com\/san-pham\/npk-17-6-18-lua-3\/","name":"NPK 17.6.18 (L\u00faa 3) - C\u00d4NG TY C\u1ed4 PH\u1ea6N T\u1eacP \u0110O\u00c0N THANH H\u00c0","isPartOf":{"@id":"https:\/\/tapdoanthanhha.com\/#website"},"primaryImageOfPage":{"@id":"https:\/\/tapdoanthanhha.com\/san-pham\/npk-17-6-18-lua-3\/#primaryimage"},"image":{"@id":"https:\/\/tapdoanthanhha.com\/san-pham\/npk-17-6-18-lua-3\/#primaryimage"},"thumbnailUrl":"https:\/\/tapdoanthanhha.com\/wp-content\/uploads\/2024\/08\/fa381bd85606f258ab1740.jpg","datePublished":"2024-08-16T01:49:30+00:00","dateModified":"2026-04-17T19:13:16+00:00","breadcrumb":{"@id":"https:\/\/tapdoanthanhha.com\/san-pham\/npk-17-6-18-lua-3\/#breadcrumb"},"inLanguage":"en-US","potentialAction":[{"@type":"ReadAction","target":["https:\/\/tapdoanthanhha.com\/san-pham\/npk-17-6-18-lua-3\/"]}]},{"@type":"ImageObject","inLanguage":"en-US","@id":"https:\/\/tapdoanthanhha.com\/san-pham\/npk-17-6-18-lua-3\/#primaryimage","url":"https:\/\/tapdoanthanhha.com\/wp-content\/uploads\/2024\/08\/fa381bd85606f258ab1740.jpg","contentUrl":"https:\/\/tapdoanthanhha.com\/wp-content\/uploads\/2024\/08\/fa381bd85606f258ab1740.jpg","width":1447,"height":1789},{"@type":"BreadcrumbList","@id":"https:\/\/tapdoanthanhha.com\/san-pham\/npk-17-6-18-lua-3\/#breadcrumb","itemListElement":[{"@type":"ListItem","position":1,"name":"Trang ch\u1ee7","item":"https:\/\/tapdoanthanhha.com\/en\/"},{"@type":"ListItem","position":2,"name":"S\u1ea3n ph\u1ea9m","item":"https:\/\/tapdoanthanhha.com\/shop\/"},{"@type":"ListItem","position":3,"name":"NPK 17.6.18 (L\u00faa 3)"}]},{"@type":"WebSite","@id":"https:\/\/tapdoanthanhha.com\/#website","url":"https:\/\/tapdoanthanhha.com\/","name":"C\u00d4NG TY C\u1ed4 PH\u1ea6N T\u1eacP \u0110O\u00c0N THANH H\u00c0","description":"","publisher":{"@id":"https:\/\/tapdoanthanhha.com\/#organization"},"potentialAction":[{"@type":"SearchAction","target":{"@type":"EntryPoint","urlTemplate":"https:\/\/tapdoanthanhha.com\/?s={search_term_string}"},"query-input":"required name=search_term_string"}],"inLanguage":"en-US"},{"@type":"Organization","@id":"https:\/\/tapdoanthanhha.com\/#organization","name":"C\u00d4NG TY C\u1ed4 PH\u1ea6N T\u1eacP \u0110O\u00c0N THANH H\u00c0","url":"https:\/\/tapdoanthanhha.com\/","logo":{"@type":"ImageObject","inLanguage":"en-US","@id":"https:\/\/tapdoanthanhha.com\/#\/schema\/logo\/image\/","url":"https:\/\/tapdoanthanhha.com\/wp-content\/uploads\/2024\/08\/logo.png","contentUrl":"https:\/\/tapdoanthanhha.com\/wp-content\/uploads\/2024\/08\/logo.png","width":640,"height":490,"caption":"C\u00d4NG TY C\u1ed4 PH\u1ea6N T\u1eacP \u0110O\u00c0N THANH H\u00c0"},"image":{"@id":"https:\/\/tapdoanthanhha.com\/#\/schema\/logo\/image\/"},"sameAs":["https:\/\/www.facebook.com\/congtytuthanhha"]}]}},"_links":{"self":[{"href":"https:\/\/tapdoanthanhha.com\/en\/wp-json\/wp\/v2\/product\/957"}],"collection":[{"href":"https:\/\/tapdoanthanhha.com\/en\/wp-json\/wp\/v2\/product"}],"about":[{"href":"https:\/\/tapdoanthanhha.com\/en\/wp-json\/wp\/v2\/types\/product"}],"replies":[{"embeddable":true,"href":"https:\/\/tapdoanthanhha.com\/en\/wp-json\/wp\/v2\/comments?post=957"}],"version-history":[{"count":1,"href":"https:\/\/tapdoanthanhha.com\/en\/wp-json\/wp\/v2\/product\/957\/revisions"}],"predecessor-version":[{"id":960,"href":"https:\/\/tapdoanthanhha.com\/en\/wp-json\/wp\/v2\/product\/957\/revisions\/960"}],"wp:featuredmedia":[{"embeddable":true,"href":"https:\/\/tapdoanthanhha.com\/en\/wp-json\/wp\/v2\/media\/1245"}],"wp:attachment":[{"href":"https:\/\/tapdoanthanhha.com\/en\/wp-json\/wp\/v2\/media?parent=957"}],"wp:term":[{"taxonomy":"product_cat","embeddable":true,"href":"https:\/\/tapdoanthanhha.com\/en\/wp-json\/wp\/v2\/product_cat?post=957"},{"taxonomy":"product_tag","embeddable":true,"href":"https:\/\/tapdoanthanhha.com\/en\/wp-json\/wp\/v2\/product_tag?post=957"}],"curies":[{"name":"wp","href":"https:\/\/api.w.org\/{rel}","templated":true}]}}