{"id":1264,"date":"2024-08-22T08:15:19","date_gmt":"2024-08-22T08:15:19","guid":{"rendered":"https:\/\/tapdoanthanhha.com\/?post_type=product&#038;p=1264"},"modified":"2026-04-16T02:35:20","modified_gmt":"2026-04-16T02:35:20","slug":"npk-15-7-20-7s-te","status":"publish","type":"product","link":"https:\/\/tapdoanthanhha.com\/en\/san-pham\/npk-15-7-20-7s-te\/","title":{"rendered":"NPK 15.7.20 + 7S + TE"},"content":{"rendered":"<p><img fetchpriority=\"high\" decoding=\"async\" class=\"alignnone size-full wp-image-943\" src=\"https:\/\/tapdoanthanhha.com\/wp-content\/uploads\/2024\/08\/5fd47c01-5cf0-46c3-9790-b59ac40b7f66.jpg\" alt=\"\" width=\"1448\" height=\"2048\" srcset=\"https:\/\/tapdoanthanhha.com\/wp-content\/uploads\/2024\/08\/5fd47c01-5cf0-46c3-9790-b59ac40b7f66.jpg 1448w, https:\/\/tapdoanthanhha.com\/wp-content\/uploads\/2024\/08\/5fd47c01-5cf0-46c3-9790-b59ac40b7f66-212x300.jpg 212w, https:\/\/tapdoanthanhha.com\/wp-content\/uploads\/2024\/08\/5fd47c01-5cf0-46c3-9790-b59ac40b7f66-724x1024.jpg 724w, https:\/\/tapdoanthanhha.com\/wp-content\/uploads\/2024\/08\/5fd47c01-5cf0-46c3-9790-b59ac40b7f66-768x1086.jpg 768w, https:\/\/tapdoanthanhha.com\/wp-content\/uploads\/2024\/08\/5fd47c01-5cf0-46c3-9790-b59ac40b7f66-1086x1536.jpg 1086w, https:\/\/tapdoanthanhha.com\/wp-content\/uploads\/2024\/08\/5fd47c01-5cf0-46c3-9790-b59ac40b7f66-103x146.jpg 103w, https:\/\/tapdoanthanhha.com\/wp-content\/uploads\/2024\/08\/5fd47c01-5cf0-46c3-9790-b59ac40b7f66-35x50.jpg 35w, https:\/\/tapdoanthanhha.com\/wp-content\/uploads\/2024\/08\/5fd47c01-5cf0-46c3-9790-b59ac40b7f66-53x75.jpg 53w, https:\/\/tapdoanthanhha.com\/wp-content\/uploads\/2024\/08\/5fd47c01-5cf0-46c3-9790-b59ac40b7f66-800x1131.jpg 800w\" sizes=\"(max-width: 1448px) 100vw, 1448px\" \/><\/p>\n","protected":false},"excerpt":{"rendered":"<p>S\u1ea3n ph\u1ea9m ph\u00e2n b\u00f3n <strong>NPK 15-7-20+7S+TS<\/strong> \u0111\u01b0\u1ee3c s\u1ea3n xu\u1ea5t tr\u00ean d\u00e2y chuy\u1ec1n ph\u00e2n b\u00f3n 3 m\u00e0u hi\u1ec7n \u0111\u1ea1i, ph\u1ed1i tr\u1ed9n v\u00e0 \u0111\u1ecbnh l\u01b0\u1ee3ng t\u1ef1 \u0111\u1ed9ng b\u1eb1ng h\u1ec7 th\u1ed1ng c\u00e2n \u0111i\u1ec7n t\u1eed. S\u1ea3n ph\u1ea9m ch\u1ee9a h\u00e0m l\u01b0\u1ee3ng trung vi l\u01b0\u1ee3ng gi\u00fap b\u1ed5 sung \u0111\u1ea7y \u0111\u1ee7 c\u00e1c ch\u1ea5t dinh d\u01b0\u1ee1ng cho c\u00e2y l\u00faa \u0111\u1ea3m b\u1ea3o to \u0111\u00f2ng, c\u1ee9ng c\u00e2y, ch\u1eafc h\u1ea1t.<\/p>\n","protected":false},"featured_media":1265,"comment_status":"open","ping_status":"closed","template":"","meta":[],"product_cat":[65],"product_tag":[72],"class_list":{"0":"post-1264","1":"product","2":"type-product","3":"status-publish","4":"has-post-thumbnail","6":"product_cat-phan-bon-vo-co","7":"product_tag-san-pham-ba-mau","9":"first","10":"instock","11":"shipping-taxable","12":"product-type-simple"},"yoast_head":"<!-- This site is optimized with the Yoast SEO plugin v23.2 - https:\/\/yoast.com\/wordpress\/plugins\/seo\/ -->\n<title>NPK 15.7.20 + 7S + TE - C\u00d4NG TY C\u1ed4 PH\u1ea6N T\u1eacP \u0110O\u00c0N THANH H\u00c0<\/title>\n<meta name=\"robots\" content=\"index, follow, max-snippet:-1, max-image-preview:large, max-video-preview:-1\" \/>\n<link rel=\"canonical\" href=\"https:\/\/tapdoanthanhha.com\/san-pham\/npk-15-7-20-7s-te\/\" \/>\n<meta property=\"og:locale\" content=\"en_US\" \/>\n<meta property=\"og:type\" content=\"article\" \/>\n<meta property=\"og:title\" content=\"NPK 15.7.20 + 7S + TE - C\u00d4NG TY C\u1ed4 PH\u1ea6N T\u1eacP \u0110O\u00c0N THANH H\u00c0\" \/>\n<meta property=\"og:description\" content=\"S\u1ea3n ph\u1ea9m ph\u00e2n b\u00f3n NPK 15-7-20+7S+TS \u0111\u01b0\u1ee3c s\u1ea3n xu\u1ea5t tr\u00ean d\u00e2y chuy\u1ec1n ph\u00e2n b\u00f3n 3 m\u00e0u hi\u1ec7n \u0111\u1ea1i, ph\u1ed1i tr\u1ed9n v\u00e0 \u0111\u1ecbnh l\u01b0\u1ee3ng t\u1ef1 \u0111\u1ed9ng b\u1eb1ng h\u1ec7 th\u1ed1ng c\u00e2n \u0111i\u1ec7n t\u1eed. S\u1ea3n ph\u1ea9m ch\u1ee9a h\u00e0m l\u01b0\u1ee3ng trung vi l\u01b0\u1ee3ng gi\u00fap b\u1ed5 sung \u0111\u1ea7y \u0111\u1ee7 c\u00e1c ch\u1ea5t dinh d\u01b0\u1ee1ng cho c\u00e2y l\u00faa \u0111\u1ea3m b\u1ea3o to \u0111\u00f2ng, c\u1ee9ng c\u00e2y, ch\u1eafc h\u1ea1t.\" \/>\n<meta property=\"og:url\" content=\"https:\/\/tapdoanthanhha.com\/san-pham\/npk-15-7-20-7s-te\/\" \/>\n<meta property=\"og:site_name\" content=\"C\u00d4NG TY C\u1ed4 PH\u1ea6N T\u1eacP \u0110O\u00c0N THANH H\u00c0\" \/>\n<meta property=\"article:publisher\" content=\"https:\/\/www.facebook.com\/congtytuthanhha\" \/>\n<meta property=\"article:modified_time\" content=\"2026-04-16T02:35:20+00:00\" \/>\n<meta property=\"og:image\" content=\"https:\/\/tapdoanthanhha.com\/wp-content\/uploads\/2024\/08\/b77fa1be-165b-4a2b-a566-d85fe575916f.jpg\" \/>\n\t<meta property=\"og:image:width\" content=\"1447\" \/>\n\t<meta property=\"og:image:height\" content=\"1789\" \/>\n\t<meta property=\"og:image:type\" content=\"image\/jpeg\" \/>\n<meta name=\"twitter:card\" content=\"summary_large_image\" \/>\n<meta name=\"twitter:label1\" content=\"Est. reading time\" \/>\n\t<meta name=\"twitter:data1\" content=\"1 minute\" \/>\n<script type=\"application\/ld+json\" class=\"yoast-schema-graph\">{\"@context\":\"https:\/\/schema.org\",\"@graph\":[{\"@type\":\"WebPage\",\"@id\":\"https:\/\/tapdoanthanhha.com\/san-pham\/npk-15-7-20-7s-te\/\",\"url\":\"https:\/\/tapdoanthanhha.com\/san-pham\/npk-15-7-20-7s-te\/\",\"name\":\"NPK 15.7.20 + 7S + TE - C\u00d4NG TY C\u1ed4 PH\u1ea6N T\u1eacP \u0110O\u00c0N THANH H\u00c0\",\"isPartOf\":{\"@id\":\"https:\/\/tapdoanthanhha.com\/#website\"},\"primaryImageOfPage\":{\"@id\":\"https:\/\/tapdoanthanhha.com\/san-pham\/npk-15-7-20-7s-te\/#primaryimage\"},\"image\":{\"@id\":\"https:\/\/tapdoanthanhha.com\/san-pham\/npk-15-7-20-7s-te\/#primaryimage\"},\"thumbnailUrl\":\"https:\/\/tapdoanthanhha.com\/wp-content\/uploads\/2024\/08\/b77fa1be-165b-4a2b-a566-d85fe575916f.jpg\",\"datePublished\":\"2024-08-22T08:15:19+00:00\",\"dateModified\":\"2026-04-16T02:35:20+00:00\",\"breadcrumb\":{\"@id\":\"https:\/\/tapdoanthanhha.com\/san-pham\/npk-15-7-20-7s-te\/#breadcrumb\"},\"inLanguage\":\"en-US\",\"potentialAction\":[{\"@type\":\"ReadAction\",\"target\":[\"https:\/\/tapdoanthanhha.com\/san-pham\/npk-15-7-20-7s-te\/\"]}]},{\"@type\":\"ImageObject\",\"inLanguage\":\"en-US\",\"@id\":\"https:\/\/tapdoanthanhha.com\/san-pham\/npk-15-7-20-7s-te\/#primaryimage\",\"url\":\"https:\/\/tapdoanthanhha.com\/wp-content\/uploads\/2024\/08\/b77fa1be-165b-4a2b-a566-d85fe575916f.jpg\",\"contentUrl\":\"https:\/\/tapdoanthanhha.com\/wp-content\/uploads\/2024\/08\/b77fa1be-165b-4a2b-a566-d85fe575916f.jpg\",\"width\":1447,\"height\":1789},{\"@type\":\"BreadcrumbList\",\"@id\":\"https:\/\/tapdoanthanhha.com\/san-pham\/npk-15-7-20-7s-te\/#breadcrumb\",\"itemListElement\":[{\"@type\":\"ListItem\",\"position\":1,\"name\":\"Trang ch\u1ee7\",\"item\":\"https:\/\/tapdoanthanhha.com\/en\/\"},{\"@type\":\"ListItem\",\"position\":2,\"name\":\"S\u1ea3n ph\u1ea9m\",\"item\":\"https:\/\/tapdoanthanhha.com\/shop\/\"},{\"@type\":\"ListItem\",\"position\":3,\"name\":\"NPK 15.7.20 + 7S + TE\"}]},{\"@type\":\"WebSite\",\"@id\":\"https:\/\/tapdoanthanhha.com\/#website\",\"url\":\"https:\/\/tapdoanthanhha.com\/\",\"name\":\"C\u00d4NG TY C\u1ed4 PH\u1ea6N T\u1eacP \u0110O\u00c0N THANH H\u00c0\",\"description\":\"\",\"publisher\":{\"@id\":\"https:\/\/tapdoanthanhha.com\/#organization\"},\"potentialAction\":[{\"@type\":\"SearchAction\",\"target\":{\"@type\":\"EntryPoint\",\"urlTemplate\":\"https:\/\/tapdoanthanhha.com\/?s={search_term_string}\"},\"query-input\":\"required name=search_term_string\"}],\"inLanguage\":\"en-US\"},{\"@type\":\"Organization\",\"@id\":\"https:\/\/tapdoanthanhha.com\/#organization\",\"name\":\"C\u00d4NG TY C\u1ed4 PH\u1ea6N T\u1eacP \u0110O\u00c0N THANH H\u00c0\",\"url\":\"https:\/\/tapdoanthanhha.com\/\",\"logo\":{\"@type\":\"ImageObject\",\"inLanguage\":\"en-US\",\"@id\":\"https:\/\/tapdoanthanhha.com\/#\/schema\/logo\/image\/\",\"url\":\"https:\/\/tapdoanthanhha.com\/wp-content\/uploads\/2024\/08\/logo.png\",\"contentUrl\":\"https:\/\/tapdoanthanhha.com\/wp-content\/uploads\/2024\/08\/logo.png\",\"width\":640,\"height\":490,\"caption\":\"C\u00d4NG TY C\u1ed4 PH\u1ea6N T\u1eacP \u0110O\u00c0N THANH H\u00c0\"},\"image\":{\"@id\":\"https:\/\/tapdoanthanhha.com\/#\/schema\/logo\/image\/\"},\"sameAs\":[\"https:\/\/www.facebook.com\/congtytuthanhha\"]}]}<\/script>\n<!-- \/ Yoast SEO plugin. -->","yoast_head_json":{"title":"NPK 15.7.20 + 7S + TE - C\u00d4NG TY C\u1ed4 PH\u1ea6N T\u1eacP \u0110O\u00c0N THANH H\u00c0","robots":{"index":"index","follow":"follow","max-snippet":"max-snippet:-1","max-image-preview":"max-image-preview:large","max-video-preview":"max-video-preview:-1"},"canonical":"https:\/\/tapdoanthanhha.com\/san-pham\/npk-15-7-20-7s-te\/","og_locale":"en_US","og_type":"article","og_title":"NPK 15.7.20 + 7S + TE - C\u00d4NG TY C\u1ed4 PH\u1ea6N T\u1eacP \u0110O\u00c0N THANH H\u00c0","og_description":"S\u1ea3n ph\u1ea9m ph\u00e2n b\u00f3n NPK 15-7-20+7S+TS \u0111\u01b0\u1ee3c s\u1ea3n xu\u1ea5t tr\u00ean d\u00e2y chuy\u1ec1n ph\u00e2n b\u00f3n 3 m\u00e0u hi\u1ec7n \u0111\u1ea1i, ph\u1ed1i tr\u1ed9n v\u00e0 \u0111\u1ecbnh l\u01b0\u1ee3ng t\u1ef1 \u0111\u1ed9ng b\u1eb1ng h\u1ec7 th\u1ed1ng c\u00e2n \u0111i\u1ec7n t\u1eed. S\u1ea3n ph\u1ea9m ch\u1ee9a h\u00e0m l\u01b0\u1ee3ng trung vi l\u01b0\u1ee3ng gi\u00fap b\u1ed5 sung \u0111\u1ea7y \u0111\u1ee7 c\u00e1c ch\u1ea5t dinh d\u01b0\u1ee1ng cho c\u00e2y l\u00faa \u0111\u1ea3m b\u1ea3o to \u0111\u00f2ng, c\u1ee9ng c\u00e2y, ch\u1eafc h\u1ea1t.","og_url":"https:\/\/tapdoanthanhha.com\/san-pham\/npk-15-7-20-7s-te\/","og_site_name":"C\u00d4NG TY C\u1ed4 PH\u1ea6N T\u1eacP \u0110O\u00c0N THANH H\u00c0","article_publisher":"https:\/\/www.facebook.com\/congtytuthanhha","article_modified_time":"2026-04-16T02:35:20+00:00","og_image":[{"width":1447,"height":1789,"url":"https:\/\/tapdoanthanhha.com\/wp-content\/uploads\/2024\/08\/b77fa1be-165b-4a2b-a566-d85fe575916f.jpg","type":"image\/jpeg"}],"twitter_card":"summary_large_image","twitter_misc":{"Est. reading time":"1 minute"},"schema":{"@context":"https:\/\/schema.org","@graph":[{"@type":"WebPage","@id":"https:\/\/tapdoanthanhha.com\/san-pham\/npk-15-7-20-7s-te\/","url":"https:\/\/tapdoanthanhha.com\/san-pham\/npk-15-7-20-7s-te\/","name":"NPK 15.7.20 + 7S + TE - C\u00d4NG TY C\u1ed4 PH\u1ea6N T\u1eacP \u0110O\u00c0N THANH H\u00c0","isPartOf":{"@id":"https:\/\/tapdoanthanhha.com\/#website"},"primaryImageOfPage":{"@id":"https:\/\/tapdoanthanhha.com\/san-pham\/npk-15-7-20-7s-te\/#primaryimage"},"image":{"@id":"https:\/\/tapdoanthanhha.com\/san-pham\/npk-15-7-20-7s-te\/#primaryimage"},"thumbnailUrl":"https:\/\/tapdoanthanhha.com\/wp-content\/uploads\/2024\/08\/b77fa1be-165b-4a2b-a566-d85fe575916f.jpg","datePublished":"2024-08-22T08:15:19+00:00","dateModified":"2026-04-16T02:35:20+00:00","breadcrumb":{"@id":"https:\/\/tapdoanthanhha.com\/san-pham\/npk-15-7-20-7s-te\/#breadcrumb"},"inLanguage":"en-US","potentialAction":[{"@type":"ReadAction","target":["https:\/\/tapdoanthanhha.com\/san-pham\/npk-15-7-20-7s-te\/"]}]},{"@type":"ImageObject","inLanguage":"en-US","@id":"https:\/\/tapdoanthanhha.com\/san-pham\/npk-15-7-20-7s-te\/#primaryimage","url":"https:\/\/tapdoanthanhha.com\/wp-content\/uploads\/2024\/08\/b77fa1be-165b-4a2b-a566-d85fe575916f.jpg","contentUrl":"https:\/\/tapdoanthanhha.com\/wp-content\/uploads\/2024\/08\/b77fa1be-165b-4a2b-a566-d85fe575916f.jpg","width":1447,"height":1789},{"@type":"BreadcrumbList","@id":"https:\/\/tapdoanthanhha.com\/san-pham\/npk-15-7-20-7s-te\/#breadcrumb","itemListElement":[{"@type":"ListItem","position":1,"name":"Trang ch\u1ee7","item":"https:\/\/tapdoanthanhha.com\/en\/"},{"@type":"ListItem","position":2,"name":"S\u1ea3n ph\u1ea9m","item":"https:\/\/tapdoanthanhha.com\/shop\/"},{"@type":"ListItem","position":3,"name":"NPK 15.7.20 + 7S + TE"}]},{"@type":"WebSite","@id":"https:\/\/tapdoanthanhha.com\/#website","url":"https:\/\/tapdoanthanhha.com\/","name":"C\u00d4NG TY C\u1ed4 PH\u1ea6N T\u1eacP \u0110O\u00c0N THANH H\u00c0","description":"","publisher":{"@id":"https:\/\/tapdoanthanhha.com\/#organization"},"potentialAction":[{"@type":"SearchAction","target":{"@type":"EntryPoint","urlTemplate":"https:\/\/tapdoanthanhha.com\/?s={search_term_string}"},"query-input":"required name=search_term_string"}],"inLanguage":"en-US"},{"@type":"Organization","@id":"https:\/\/tapdoanthanhha.com\/#organization","name":"C\u00d4NG TY C\u1ed4 PH\u1ea6N T\u1eacP \u0110O\u00c0N THANH H\u00c0","url":"https:\/\/tapdoanthanhha.com\/","logo":{"@type":"ImageObject","inLanguage":"en-US","@id":"https:\/\/tapdoanthanhha.com\/#\/schema\/logo\/image\/","url":"https:\/\/tapdoanthanhha.com\/wp-content\/uploads\/2024\/08\/logo.png","contentUrl":"https:\/\/tapdoanthanhha.com\/wp-content\/uploads\/2024\/08\/logo.png","width":640,"height":490,"caption":"C\u00d4NG TY C\u1ed4 PH\u1ea6N T\u1eacP \u0110O\u00c0N THANH H\u00c0"},"image":{"@id":"https:\/\/tapdoanthanhha.com\/#\/schema\/logo\/image\/"},"sameAs":["https:\/\/www.facebook.com\/congtytuthanhha"]}]}},"_links":{"self":[{"href":"https:\/\/tapdoanthanhha.com\/en\/wp-json\/wp\/v2\/product\/1264"}],"collection":[{"href":"https:\/\/tapdoanthanhha.com\/en\/wp-json\/wp\/v2\/product"}],"about":[{"href":"https:\/\/tapdoanthanhha.com\/en\/wp-json\/wp\/v2\/types\/product"}],"replies":[{"embeddable":true,"href":"https:\/\/tapdoanthanhha.com\/en\/wp-json\/wp\/v2\/comments?post=1264"}],"version-history":[{"count":1,"href":"https:\/\/tapdoanthanhha.com\/en\/wp-json\/wp\/v2\/product\/1264\/revisions"}],"predecessor-version":[{"id":1267,"href":"https:\/\/tapdoanthanhha.com\/en\/wp-json\/wp\/v2\/product\/1264\/revisions\/1267"}],"wp:featuredmedia":[{"embeddable":true,"href":"https:\/\/tapdoanthanhha.com\/en\/wp-json\/wp\/v2\/media\/1265"}],"wp:attachment":[{"href":"https:\/\/tapdoanthanhha.com\/en\/wp-json\/wp\/v2\/media?parent=1264"}],"wp:term":[{"taxonomy":"product_cat","embeddable":true,"href":"https:\/\/tapdoanthanhha.com\/en\/wp-json\/wp\/v2\/product_cat?post=1264"},{"taxonomy":"product_tag","embeddable":true,"href":"https:\/\/tapdoanthanhha.com\/en\/wp-json\/wp\/v2\/product_tag?post=1264"}],"curies":[{"name":"wp","href":"https:\/\/api.w.org\/{rel}","templated":true}]}}