{"id":1366,"date":"2024-08-18T07:49:38","date_gmt":"2024-08-18T07:49:38","guid":{"rendered":"https:\/\/tapdoanthanhha.com\/ve-chung-toi\/"},"modified":"2024-08-23T03:05:42","modified_gmt":"2024-08-23T03:05:42","slug":"about-us","status":"publish","type":"page","link":"https:\/\/tapdoanthanhha.com\/en\/about-us\/","title":{"rendered":"About Us"},"content":{"rendered":"\t\t<div data-elementor-type=\"wp-page\" data-elementor-id=\"1366\" class=\"elementor elementor-1366 elementor-1186\">\n\t\t\t\t<div class=\"elementor-element elementor-element-1f489ef e-flex e-con-boxed e-con e-parent\" data-id=\"1f489ef\" data-element_type=\"container\">\n\t\t\t\t\t<div class=\"e-con-inner\">\n\t\t\t\t<div class=\"elementor-element elementor-element-f1061ba elementor-widget elementor-widget-mfn_blog\" data-id=\"f1061ba\" data-element_type=\"widget\" data-widget_type=\"mfn_blog.default\">\n\t\t\t\t<div class=\"elementor-widget-container\">\n\t\t\t<div class=\"column_filters\"><div class=\"blog_wrapper isotope_wrapper clearfix\"><div class=\"posts_group element_classes lm_wrapper col- classic\"><div class=\"post-item isotope-item clearfix post-1372 post type-post status-publish format-standard has-post-thumbnail hentry\" style=\"\"><div class=\"date_label\">August 18, 2024<\/div><div class=\"image_frame post-photo-wrapper scale-with-grid image\"><div class=\"image_wrapper\"><a href=\"https:\/\/tapdoanthanhha.com\/en\/about-the-partner\/\"><div class=\"mask\"><\/div><img fetchpriority=\"high\" decoding=\"async\" width=\"960\" height=\"720\" src=\"https:\/\/tapdoanthanhha.com\/wp-content\/uploads\/2024\/08\/437982985_1000915691930502_1300144063836876478_n-960x720.jpg\" class=\"scale-with-grid wp-post-image\" alt=\"\" \/><\/a><div class=\"image_links double\"><a class=\"zoom \"  rel=\"prettyphoto\" href=\"https:\/\/tapdoanthanhha.com\/wp-content\/uploads\/2024\/08\/437982985_1000915691930502_1300144063836876478_n-1024x683.jpg\"><svg viewBox=\"0 0 26 26\"><defs><style>.path{fill:none;stroke:#333;stroke-miterlimit:10;stroke-width:1.5px;}<\/style><\/defs><circle cx=\"11.35\" cy=\"11.35\" r=\"6\" class=\"path\"><\/circle><line x1=\"15.59\" y1=\"15.59\" x2=\"20.65\" y2=\"20.65\" class=\"path\"><\/line><\/svg><\/a><a class=\"link \"  href=\"https:\/\/tapdoanthanhha.com\/en\/about-the-partner\/\"><svg viewBox=\"0 0 26 26\"><defs><style>.path{fill:none;stroke:#333;stroke-miterlimit:10;stroke-width:1.5px;}<\/style><\/defs><g><path d=\"M10.17,8.76l2.12-2.12a5,5,0,0,1,7.07,0h0a5,5,0,0,1,0,7.07l-2.12,2.12\" class=\"path\"><\/path><path d=\"M15.83,17.24l-2.12,2.12a5,5,0,0,1-7.07,0h0a5,5,0,0,1,0-7.07l2.12-2.12\" class=\"path\"><\/path><line x1=\"10.17\" y1=\"15.83\" x2=\"15.83\" y2=\"10.17\" class=\"path\"><\/line><\/g><\/svg><\/a><\/div><\/div><\/div><div class=\"post-desc-wrapper bg-\" style=\"\"><div class=\"post-desc\"><div class=\"post-head\"><div class=\"post-meta clearfix\"><div class=\"author-date\"><span class=\"vcard author post-author\"><span class=\"label\">\u0110\u0103ng b\u1edfi <\/span><i class=\"icon-user\" aria-label=\"author\"><\/i> <span class=\"fn\"><a href=\"https:\/\/tapdoanthanhha.com\/en\/author\/admin_bxhieu\/\">admin<\/a><\/span><\/span> <span class=\"date\"><span class=\"label\">t\u1ea1i <\/span><i class=\"icon-clock\" aria-label=\"published\"><\/i> <span class=\"post-date updated\">August 18, 2024<\/span><\/span><\/div><div class=\"category\"><span class=\"cat-btn\">Danh m\u1ee5c <i class=\"icon-down-dir\" aria-hidden=\"true\"><\/i><\/span><div class=\"cat-wrapper\">Uncategorized<\/div><\/div><\/div><\/div><div class=\"post-title\"><h3 class=\"entry-title\" itemprop=\"headline\"><a href=\"https:\/\/tapdoanthanhha.com\/en\/about-the-partner\/\">About the partner<\/a><\/h3><\/div><div class=\"post-excerpt\">Over the years of construction and development, the company&#8217;s staff has matured, has technical management skills and experience in the field of high-tech organic product production.<span class=\"excerpt-hellip\"> [\u2026]<\/span><\/div><div class=\"post-footer\"><div class=\"button-love\"><span class=\"love-text\">B\u1ea1n th\u00edch n\u00f3 ch\u1ee9?<\/span><a href=\"#\" class=\"mfn-love \" data-id=\"1372\"><span class=\"icons-wrapper\"><i class=\"icon-heart-empty-fa\" aria-label=\"loved\"><\/i><i class=\"icon-heart-fa\" aria-label=\"loved\"><\/i><\/span><span class=\"label\">0<\/span><\/a><\/div><div class=\"post-links\"><i class=\"icon-comment-empty-fa\" aria-label=\"number of comments\"><\/i> <a href=\"https:\/\/tapdoanthanhha.com\/en\/about-the-partner\/#respond\" class=\"post-comments\">0<\/a><i class=\"icon-doc-text\" aria-hidden=\"true\"><\/i> <a href=\"https:\/\/tapdoanthanhha.com\/en\/about-the-partner\/\" class=\"post-more\">Xem th\u00eam<\/a><\/div><\/div><\/div><\/div><\/div><div class=\"post-item isotope-item clearfix post-1374 post type-post status-publish format-standard has-post-thumbnail hentry category-about-us\" style=\"\"><div class=\"date_label\">August 18, 2024<\/div><div class=\"image_frame post-photo-wrapper scale-with-grid image\"><div class=\"image_wrapper\"><a href=\"https:\/\/tapdoanthanhha.com\/en\/nha-may-day-chuyen-san-xuat\/\"><div class=\"mask\"><\/div><img decoding=\"async\" width=\"960\" height=\"720\" src=\"https:\/\/tapdoanthanhha.com\/wp-content\/uploads\/2024\/08\/20200313103712a2615c745eec983180d73c3dfae4ad57.jpg-960x720.webp\" class=\"scale-with-grid wp-post-image\" alt=\"\" \/><\/a><div class=\"image_links double\"><a class=\"zoom \"  rel=\"prettyphoto\" href=\"https:\/\/tapdoanthanhha.com\/wp-content\/uploads\/2024\/08\/20200313103712a2615c745eec983180d73c3dfae4ad57.jpg-768x1024.webp\"><svg viewBox=\"0 0 26 26\"><defs><style>.path{fill:none;stroke:#333;stroke-miterlimit:10;stroke-width:1.5px;}<\/style><\/defs><circle cx=\"11.35\" cy=\"11.35\" r=\"6\" class=\"path\"><\/circle><line x1=\"15.59\" y1=\"15.59\" x2=\"20.65\" y2=\"20.65\" class=\"path\"><\/line><\/svg><\/a><a class=\"link \"  href=\"https:\/\/tapdoanthanhha.com\/en\/nha-may-day-chuyen-san-xuat\/\"><svg viewBox=\"0 0 26 26\"><defs><style>.path{fill:none;stroke:#333;stroke-miterlimit:10;stroke-width:1.5px;}<\/style><\/defs><g><path d=\"M10.17,8.76l2.12-2.12a5,5,0,0,1,7.07,0h0a5,5,0,0,1,0,7.07l-2.12,2.12\" class=\"path\"><\/path><path d=\"M15.83,17.24l-2.12,2.12a5,5,0,0,1-7.07,0h0a5,5,0,0,1,0-7.07l2.12-2.12\" class=\"path\"><\/path><line x1=\"10.17\" y1=\"15.83\" x2=\"15.83\" y2=\"10.17\" class=\"path\"><\/line><\/g><\/svg><\/a><\/div><\/div><\/div><div class=\"post-desc-wrapper bg-\" style=\"\"><div class=\"post-desc\"><div class=\"post-head\"><div class=\"post-meta clearfix\"><div class=\"author-date\"><span class=\"vcard author post-author\"><span class=\"label\">\u0110\u0103ng b\u1edfi <\/span><i class=\"icon-user\" aria-label=\"author\"><\/i> <span class=\"fn\"><a href=\"https:\/\/tapdoanthanhha.com\/en\/author\/admin_bxhieu\/\">admin<\/a><\/span><\/span> <span class=\"date\"><span class=\"label\">t\u1ea1i <\/span><i class=\"icon-clock\" aria-label=\"published\"><\/i> <span class=\"post-date updated\">August 18, 2024<\/span><\/span><\/div><div class=\"category\"><span class=\"cat-btn\">Danh m\u1ee5c <i class=\"icon-down-dir\" aria-hidden=\"true\"><\/i><\/span><div class=\"cat-wrapper\"><ul class=\"post-categories\">\n\t<li><a href=\"https:\/\/tapdoanthanhha.com\/en\/category\/about-us\/\" rel=\"category tag\">About Us<\/a><\/li>\n\t<li><a href=\"https:\/\/tapdoanthanhha.com\/en\/category\/about-us\/\" rel=\"category tag\">About Us<\/a><\/li>\n\t<li><a href=\"https:\/\/tapdoanthanhha.com\/en\/category\/about-us\/\" rel=\"category tag\">About Us<\/a><\/li>\n\t<li><a href=\"https:\/\/tapdoanthanhha.com\/en\/category\/about-us\/\" rel=\"category tag\">About Us<\/a><\/li><\/ul><\/div><\/div><\/div><\/div><div class=\"post-title\"><h3 class=\"entry-title\" itemprop=\"headline\"><a href=\"https:\/\/tapdoanthanhha.com\/en\/nha-may-day-chuyen-san-xuat\/\">Nh\u00e0 m\u00e1y \u2013 d\u00e2y chuy\u1ec1n s\u1ea3n xu\u1ea5t<\/a><\/h3><\/div><div class=\"post-excerpt\">QUY TR\u00ccNH L\u00c0M VI\u1ec6C C\u1ee6A D\u00c2Y CHUY\u1ec0N S\u1ea2N XU\u1ea4T PH\u00c2N B\u00d3N H\u1eeeU C\u01a0 SINH H\u1eccC THANH H\u00c0 Ph\u00f2ng ki\u1ec3m tra l\u01b0u m\u1eabu \u0111\u1ea7u v\u00e0o C\u00f4ng ty<span class=\"excerpt-hellip\"> [\u2026]<\/span><\/div><div class=\"post-footer\"><div class=\"button-love\"><span class=\"love-text\">B\u1ea1n th\u00edch n\u00f3 ch\u1ee9?<\/span><a href=\"#\" class=\"mfn-love \" data-id=\"1374\"><span class=\"icons-wrapper\"><i class=\"icon-heart-empty-fa\" aria-label=\"loved\"><\/i><i class=\"icon-heart-fa\" aria-label=\"loved\"><\/i><\/span><span class=\"label\">0<\/span><\/a><\/div><div class=\"post-links\"><i class=\"icon-comment-empty-fa\" aria-label=\"number of comments\"><\/i> <a href=\"https:\/\/tapdoanthanhha.com\/en\/nha-may-day-chuyen-san-xuat\/#respond\" class=\"post-comments\">0<\/a><i class=\"icon-doc-text\" aria-hidden=\"true\"><\/i> <a href=\"https:\/\/tapdoanthanhha.com\/en\/nha-may-day-chuyen-san-xuat\/\" class=\"post-more\">Xem th\u00eam<\/a><\/div><\/div><\/div><\/div><\/div><div class=\"post-item isotope-item clearfix post-1376 post type-post status-publish format-standard has-post-thumbnail hentry\" style=\"\"><div class=\"date_label\">August 18, 2024<\/div><div class=\"image_frame post-photo-wrapper scale-with-grid image\"><div class=\"image_wrapper\"><a href=\"https:\/\/tapdoanthanhha.com\/en\/cong-nghe-noi-troi\/\"><div class=\"mask\"><\/div><img decoding=\"async\" width=\"960\" height=\"606\" src=\"https:\/\/tapdoanthanhha.com\/wp-content\/uploads\/2024\/08\/nha-may-thong-minh-duoc-nhan-dinh-se-la-tam-diem-cua-cach-mang-4.0.jpg-960x606.webp\" class=\"scale-with-grid wp-post-image\" alt=\"\" \/><\/a><div class=\"image_links double\"><a class=\"zoom \"  rel=\"prettyphoto\" href=\"https:\/\/tapdoanthanhha.com\/wp-content\/uploads\/2024\/08\/nha-may-thong-minh-duoc-nhan-dinh-se-la-tam-diem-cua-cach-mang-4.0.jpg.webp\"><svg viewBox=\"0 0 26 26\"><defs><style>.path{fill:none;stroke:#333;stroke-miterlimit:10;stroke-width:1.5px;}<\/style><\/defs><circle cx=\"11.35\" cy=\"11.35\" r=\"6\" class=\"path\"><\/circle><line x1=\"15.59\" y1=\"15.59\" x2=\"20.65\" y2=\"20.65\" class=\"path\"><\/line><\/svg><\/a><a class=\"link \"  href=\"https:\/\/tapdoanthanhha.com\/en\/cong-nghe-noi-troi\/\"><svg viewBox=\"0 0 26 26\"><defs><style>.path{fill:none;stroke:#333;stroke-miterlimit:10;stroke-width:1.5px;}<\/style><\/defs><g><path d=\"M10.17,8.76l2.12-2.12a5,5,0,0,1,7.07,0h0a5,5,0,0,1,0,7.07l-2.12,2.12\" class=\"path\"><\/path><path d=\"M15.83,17.24l-2.12,2.12a5,5,0,0,1-7.07,0h0a5,5,0,0,1,0-7.07l2.12-2.12\" class=\"path\"><\/path><line x1=\"10.17\" y1=\"15.83\" x2=\"15.83\" y2=\"10.17\" class=\"path\"><\/line><\/g><\/svg><\/a><\/div><\/div><\/div><div class=\"post-desc-wrapper bg-\" style=\"\"><div class=\"post-desc\"><div class=\"post-head\"><div class=\"post-meta clearfix\"><div class=\"author-date\"><span class=\"vcard author post-author\"><span class=\"label\">\u0110\u0103ng b\u1edfi <\/span><i class=\"icon-user\" aria-label=\"author\"><\/i> <span class=\"fn\"><a href=\"https:\/\/tapdoanthanhha.com\/en\/author\/admin_bxhieu\/\">admin<\/a><\/span><\/span> <span class=\"date\"><span class=\"label\">t\u1ea1i <\/span><i class=\"icon-clock\" aria-label=\"published\"><\/i> <span class=\"post-date updated\">August 18, 2024<\/span><\/span><\/div><div class=\"category\"><span class=\"cat-btn\">Danh m\u1ee5c <i class=\"icon-down-dir\" aria-hidden=\"true\"><\/i><\/span><div class=\"cat-wrapper\">Uncategorized<\/div><\/div><\/div><\/div><div class=\"post-title\"><h3 class=\"entry-title\" itemprop=\"headline\"><a href=\"https:\/\/tapdoanthanhha.com\/en\/cong-nghe-noi-troi\/\">C\u00f4ng ngh\u1ec7 n\u1ed5i tr\u1ed9i<\/a><\/h3><\/div><div class=\"post-excerpt\">Gi\u1edbi thi\u1ec7u v\u1ec1 c\u00f4ng ngh\u1ec7 Ch\u1ebf ph\u1ea9m h\u1eefu c\u01a1 sinh h\u1ecdc Thanh H\u00e0 c\u00f3 ch\u1ee9a c\u00e1c h\u1ee3p ch\u1ea5t sinh h\u1ecdc \u0111\u01b0\u1ee3c chi\u1ebft t\u00e1ch t\u1eeb c\u00e2y d\u01b0\u1ee3c<span class=\"excerpt-hellip\"> [\u2026]<\/span><\/div><div class=\"post-footer\"><div class=\"button-love\"><span class=\"love-text\">B\u1ea1n th\u00edch n\u00f3 ch\u1ee9?<\/span><a href=\"#\" class=\"mfn-love \" data-id=\"1376\"><span class=\"icons-wrapper\"><i class=\"icon-heart-empty-fa\" aria-label=\"loved\"><\/i><i class=\"icon-heart-fa\" aria-label=\"loved\"><\/i><\/span><span class=\"label\">0<\/span><\/a><\/div><div class=\"post-links\"><i class=\"icon-comment-empty-fa\" aria-label=\"number of comments\"><\/i> <a href=\"https:\/\/tapdoanthanhha.com\/en\/cong-nghe-noi-troi\/#respond\" class=\"post-comments\">0<\/a><i class=\"icon-doc-text\" aria-hidden=\"true\"><\/i> <a href=\"https:\/\/tapdoanthanhha.com\/en\/cong-nghe-noi-troi\/\" class=\"post-more\">Xem th\u00eam<\/a><\/div><\/div><\/div><\/div><\/div><div class=\"post-item isotope-item clearfix post-1378 post type-post status-publish format-standard has-post-thumbnail hentry\" style=\"\"><div class=\"date_label\">August 18, 2024<\/div><div class=\"image_frame post-photo-wrapper scale-with-grid image\"><div class=\"image_wrapper\"><a href=\"https:\/\/tapdoanthanhha.com\/en\/gioi-thieu-ve-cong-ty\/\"><div class=\"mask\"><\/div><img loading=\"lazy\" decoding=\"async\" width=\"670\" height=\"446\" src=\"https:\/\/tapdoanthanhha.com\/wp-content\/uploads\/2024\/08\/1498078.jpg.webp\" class=\"scale-with-grid wp-post-image\" alt=\"\" srcset=\"https:\/\/tapdoanthanhha.com\/wp-content\/uploads\/2024\/08\/1498078.jpg.webp 670w, https:\/\/tapdoanthanhha.com\/wp-content\/uploads\/2024\/08\/1498078.jpg-300x200.webp 300w, https:\/\/tapdoanthanhha.com\/wp-content\/uploads\/2024\/08\/1498078.jpg-219x146.webp 219w, https:\/\/tapdoanthanhha.com\/wp-content\/uploads\/2024\/08\/1498078.jpg-50x33.webp 50w, https:\/\/tapdoanthanhha.com\/wp-content\/uploads\/2024\/08\/1498078.jpg-113x75.webp 113w\" sizes=\"(max-width: 670px) 100vw, 670px\" \/><\/a><div class=\"image_links double\"><a class=\"zoom \"  rel=\"prettyphoto\" href=\"https:\/\/tapdoanthanhha.com\/wp-content\/uploads\/2024\/08\/1498078.jpg.webp\"><svg viewBox=\"0 0 26 26\"><defs><style>.path{fill:none;stroke:#333;stroke-miterlimit:10;stroke-width:1.5px;}<\/style><\/defs><circle cx=\"11.35\" cy=\"11.35\" r=\"6\" class=\"path\"><\/circle><line x1=\"15.59\" y1=\"15.59\" x2=\"20.65\" y2=\"20.65\" class=\"path\"><\/line><\/svg><\/a><a class=\"link \"  href=\"https:\/\/tapdoanthanhha.com\/en\/gioi-thieu-ve-cong-ty\/\"><svg viewBox=\"0 0 26 26\"><defs><style>.path{fill:none;stroke:#333;stroke-miterlimit:10;stroke-width:1.5px;}<\/style><\/defs><g><path d=\"M10.17,8.76l2.12-2.12a5,5,0,0,1,7.07,0h0a5,5,0,0,1,0,7.07l-2.12,2.12\" class=\"path\"><\/path><path d=\"M15.83,17.24l-2.12,2.12a5,5,0,0,1-7.07,0h0a5,5,0,0,1,0-7.07l2.12-2.12\" class=\"path\"><\/path><line x1=\"10.17\" y1=\"15.83\" x2=\"15.83\" y2=\"10.17\" class=\"path\"><\/line><\/g><\/svg><\/a><\/div><\/div><\/div><div class=\"post-desc-wrapper bg-\" style=\"\"><div class=\"post-desc\"><div class=\"post-head\"><div class=\"post-meta clearfix\"><div class=\"author-date\"><span class=\"vcard author post-author\"><span class=\"label\">\u0110\u0103ng b\u1edfi <\/span><i class=\"icon-user\" aria-label=\"author\"><\/i> <span class=\"fn\"><a href=\"https:\/\/tapdoanthanhha.com\/en\/author\/admin_bxhieu\/\">admin<\/a><\/span><\/span> <span class=\"date\"><span class=\"label\">t\u1ea1i <\/span><i class=\"icon-clock\" aria-label=\"published\"><\/i> <span class=\"post-date updated\">August 18, 2024<\/span><\/span><\/div><div class=\"category\"><span class=\"cat-btn\">Danh m\u1ee5c <i class=\"icon-down-dir\" aria-hidden=\"true\"><\/i><\/span><div class=\"cat-wrapper\">Uncategorized<\/div><\/div><\/div><\/div><div class=\"post-title\"><h3 class=\"entry-title\" itemprop=\"headline\"><a href=\"https:\/\/tapdoanthanhha.com\/en\/gioi-thieu-ve-cong-ty\/\">Gi\u1edbi thi\u1ec7u v\u1ec1 c\u00f4ng ty<\/a><\/h3><\/div><div class=\"post-excerpt\">NH\u00c0 M\u00c1Y CH\u1ebe PH\u1ea8M SINH H\u1eccC\u00a0C\u00d4NG NGH\u1ec6\u00a0CAO THANH H\u00c0 Th\u01b0\u01a1ng hi\u1ec7u n\u1ed5i ti\u1ebfng Qu\u1ed1c gia! C\u00f4ng ty c\u1ed5 ph\u1ea7n Thanh H\u00e0\u00a0\u1ee9ng d\u1ee5ng c\u00f4ng ngh\u1ec7 h\u1eefu c\u01a1<span class=\"excerpt-hellip\"> [\u2026]<\/span><\/div><div class=\"post-footer\"><div class=\"button-love\"><span class=\"love-text\">B\u1ea1n th\u00edch n\u00f3 ch\u1ee9?<\/span><a href=\"#\" class=\"mfn-love \" data-id=\"1378\"><span class=\"icons-wrapper\"><i class=\"icon-heart-empty-fa\" aria-label=\"loved\"><\/i><i class=\"icon-heart-fa\" aria-label=\"loved\"><\/i><\/span><span class=\"label\">0<\/span><\/a><\/div><div class=\"post-links\"><i class=\"icon-comment-empty-fa\" aria-label=\"number of comments\"><\/i> <a href=\"https:\/\/tapdoanthanhha.com\/en\/gioi-thieu-ve-cong-ty\/#respond\" class=\"post-comments\">0<\/a><i class=\"icon-doc-text\" aria-hidden=\"true\"><\/i> <a href=\"https:\/\/tapdoanthanhha.com\/en\/gioi-thieu-ve-cong-ty\/\" class=\"post-more\">Xem th\u00eam<\/a><\/div><\/div><\/div><\/div><\/div><\/div><\/div>\n<\/div>\n\t\t<\/div>\n\t\t\t\t<\/div>\n\t\t\t\t\t<\/div>\n\t\t\t\t<\/div>\n\t\t\t\t<\/div>\n\t\t","protected":false},"excerpt":{"rendered":"<p>August 18, 2024 \u0110\u0103ng b\u1edfi admin t\u1ea1i August 18, 2024Danh m\u1ee5c Uncategorized Gi\u1edbi thi\u1ec7u v\u1ec1 \u0111\u1ed1i t\u00e1c Qua nh\u1eefng n\u0103m th\u00e1ng x\u00e2y d\u1ef1ng v\u00e0 ph\u00e1t tri\u1ec3n,<span class=\"excerpt-hellip\"> [\u2026]<\/span><\/p>\n","protected":false},"author":1,"featured_media":0,"parent":0,"menu_order":0,"comment_status":"closed","ping_status":"closed","template":"","meta":{"footnotes":""},"class_list":["post-1366","page","type-page","status-publish","hentry"],"yoast_head":"<!-- This site is optimized with the Yoast SEO plugin v23.2 - https:\/\/yoast.com\/wordpress\/plugins\/seo\/ -->\n<title>About Us - C\u00d4NG TY C\u1ed4 PH\u1ea6N T\u1eacP \u0110O\u00c0N THANH H\u00c0<\/title>\n<meta name=\"robots\" content=\"index, follow, max-snippet:-1, max-image-preview:large, max-video-preview:-1\" \/>\n<link rel=\"canonical\" href=\"https:\/\/tapdoanthanhha.com\/ve-chung-toi\/\" \/>\n<meta property=\"og:locale\" content=\"en_US\" \/>\n<meta property=\"og:type\" content=\"article\" \/>\n<meta property=\"og:title\" content=\"About Us - C\u00d4NG TY C\u1ed4 PH\u1ea6N T\u1eacP \u0110O\u00c0N THANH H\u00c0\" \/>\n<meta property=\"og:description\" content=\"August 18, 2024 \u0110\u0103ng b\u1edfi admin t\u1ea1i August 18, 2024Danh m\u1ee5c Uncategorized Gi\u1edbi thi\u1ec7u v\u1ec1 \u0111\u1ed1i t\u00e1c Qua nh\u1eefng n\u0103m th\u00e1ng x\u00e2y d\u1ef1ng v\u00e0 ph\u00e1t tri\u1ec3n, [\u2026]\" \/>\n<meta property=\"og:url\" content=\"https:\/\/tapdoanthanhha.com\/ve-chung-toi\/\" \/>\n<meta property=\"og:site_name\" content=\"C\u00d4NG TY C\u1ed4 PH\u1ea6N T\u1eacP \u0110O\u00c0N THANH H\u00c0\" \/>\n<meta property=\"article:publisher\" content=\"https:\/\/www.facebook.com\/congtytuthanhha\" \/>\n<meta property=\"article:modified_time\" content=\"2024-08-23T03:05:42+00:00\" \/>\n<meta property=\"og:image\" content=\"https:\/\/tapdoanthanhha.com\/wp-content\/uploads\/2024\/08\/437982985_1000915691930502_1300144063836876478_n-960x720.jpg\" \/>\n<meta name=\"twitter:card\" content=\"summary_large_image\" \/>\n<meta name=\"twitter:label1\" content=\"Est. reading time\" \/>\n\t<meta name=\"twitter:data1\" content=\"3 minutes\" \/>\n<script type=\"application\/ld+json\" class=\"yoast-schema-graph\">{\"@context\":\"https:\/\/schema.org\",\"@graph\":[{\"@type\":\"WebPage\",\"@id\":\"https:\/\/tapdoanthanhha.com\/ve-chung-toi\/\",\"url\":\"https:\/\/tapdoanthanhha.com\/ve-chung-toi\/\",\"name\":\"About Us - C\u00d4NG TY C\u1ed4 PH\u1ea6N T\u1eacP \u0110O\u00c0N THANH H\u00c0\",\"isPartOf\":{\"@id\":\"https:\/\/tapdoanthanhha.com\/#website\"},\"primaryImageOfPage\":{\"@id\":\"https:\/\/tapdoanthanhha.com\/ve-chung-toi\/#primaryimage\"},\"image\":{\"@id\":\"https:\/\/tapdoanthanhha.com\/ve-chung-toi\/#primaryimage\"},\"thumbnailUrl\":\"https:\/\/tapdoanthanhha.com\/wp-content\/uploads\/2024\/08\/437982985_1000915691930502_1300144063836876478_n-960x720.jpg\",\"datePublished\":\"2024-08-18T07:49:38+00:00\",\"dateModified\":\"2024-08-23T03:05:42+00:00\",\"breadcrumb\":{\"@id\":\"https:\/\/tapdoanthanhha.com\/ve-chung-toi\/#breadcrumb\"},\"inLanguage\":\"en-US\",\"potentialAction\":[{\"@type\":\"ReadAction\",\"target\":[\"https:\/\/tapdoanthanhha.com\/ve-chung-toi\/\"]}]},{\"@type\":\"ImageObject\",\"inLanguage\":\"en-US\",\"@id\":\"https:\/\/tapdoanthanhha.com\/ve-chung-toi\/#primaryimage\",\"url\":\"https:\/\/tapdoanthanhha.com\/wp-content\/uploads\/2024\/08\/437982985_1000915691930502_1300144063836876478_n-960x720.jpg\",\"contentUrl\":\"https:\/\/tapdoanthanhha.com\/wp-content\/uploads\/2024\/08\/437982985_1000915691930502_1300144063836876478_n-960x720.jpg\"},{\"@type\":\"BreadcrumbList\",\"@id\":\"https:\/\/tapdoanthanhha.com\/ve-chung-toi\/#breadcrumb\",\"itemListElement\":[{\"@type\":\"ListItem\",\"position\":1,\"name\":\"Trang ch\u1ee7\",\"item\":\"https:\/\/tapdoanthanhha.com\/en\/\"},{\"@type\":\"ListItem\",\"position\":2,\"name\":\"About Us\"}]},{\"@type\":\"WebSite\",\"@id\":\"https:\/\/tapdoanthanhha.com\/#website\",\"url\":\"https:\/\/tapdoanthanhha.com\/\",\"name\":\"C\u00d4NG TY C\u1ed4 PH\u1ea6N T\u1eacP \u0110O\u00c0N THANH H\u00c0\",\"description\":\"\",\"publisher\":{\"@id\":\"https:\/\/tapdoanthanhha.com\/#organization\"},\"potentialAction\":[{\"@type\":\"SearchAction\",\"target\":{\"@type\":\"EntryPoint\",\"urlTemplate\":\"https:\/\/tapdoanthanhha.com\/?s={search_term_string}\"},\"query-input\":\"required name=search_term_string\"}],\"inLanguage\":\"en-US\"},{\"@type\":\"Organization\",\"@id\":\"https:\/\/tapdoanthanhha.com\/#organization\",\"name\":\"C\u00d4NG TY C\u1ed4 PH\u1ea6N T\u1eacP \u0110O\u00c0N THANH H\u00c0\",\"url\":\"https:\/\/tapdoanthanhha.com\/\",\"logo\":{\"@type\":\"ImageObject\",\"inLanguage\":\"en-US\",\"@id\":\"https:\/\/tapdoanthanhha.com\/#\/schema\/logo\/image\/\",\"url\":\"https:\/\/tapdoanthanhha.com\/wp-content\/uploads\/2024\/08\/logo.png\",\"contentUrl\":\"https:\/\/tapdoanthanhha.com\/wp-content\/uploads\/2024\/08\/logo.png\",\"width\":640,\"height\":490,\"caption\":\"C\u00d4NG TY C\u1ed4 PH\u1ea6N T\u1eacP \u0110O\u00c0N THANH H\u00c0\"},\"image\":{\"@id\":\"https:\/\/tapdoanthanhha.com\/#\/schema\/logo\/image\/\"},\"sameAs\":[\"https:\/\/www.facebook.com\/congtytuthanhha\"]}]}<\/script>\n<!-- \/ Yoast SEO plugin. -->","yoast_head_json":{"title":"About Us - C\u00d4NG TY C\u1ed4 PH\u1ea6N T\u1eacP \u0110O\u00c0N THANH H\u00c0","robots":{"index":"index","follow":"follow","max-snippet":"max-snippet:-1","max-image-preview":"max-image-preview:large","max-video-preview":"max-video-preview:-1"},"canonical":"https:\/\/tapdoanthanhha.com\/ve-chung-toi\/","og_locale":"en_US","og_type":"article","og_title":"About Us - C\u00d4NG TY C\u1ed4 PH\u1ea6N T\u1eacP \u0110O\u00c0N THANH H\u00c0","og_description":"August 18, 2024 \u0110\u0103ng b\u1edfi admin t\u1ea1i August 18, 2024Danh m\u1ee5c Uncategorized Gi\u1edbi thi\u1ec7u v\u1ec1 \u0111\u1ed1i t\u00e1c Qua nh\u1eefng n\u0103m th\u00e1ng x\u00e2y d\u1ef1ng v\u00e0 ph\u00e1t tri\u1ec3n, [\u2026]","og_url":"https:\/\/tapdoanthanhha.com\/ve-chung-toi\/","og_site_name":"C\u00d4NG TY C\u1ed4 PH\u1ea6N T\u1eacP \u0110O\u00c0N THANH H\u00c0","article_publisher":"https:\/\/www.facebook.com\/congtytuthanhha","article_modified_time":"2024-08-23T03:05:42+00:00","og_image":[{"url":"https:\/\/tapdoanthanhha.com\/wp-content\/uploads\/2024\/08\/437982985_1000915691930502_1300144063836876478_n-960x720.jpg"}],"twitter_card":"summary_large_image","twitter_misc":{"Est. reading time":"3 minutes"},"schema":{"@context":"https:\/\/schema.org","@graph":[{"@type":"WebPage","@id":"https:\/\/tapdoanthanhha.com\/ve-chung-toi\/","url":"https:\/\/tapdoanthanhha.com\/ve-chung-toi\/","name":"About Us - C\u00d4NG TY C\u1ed4 PH\u1ea6N T\u1eacP \u0110O\u00c0N THANH H\u00c0","isPartOf":{"@id":"https:\/\/tapdoanthanhha.com\/#website"},"primaryImageOfPage":{"@id":"https:\/\/tapdoanthanhha.com\/ve-chung-toi\/#primaryimage"},"image":{"@id":"https:\/\/tapdoanthanhha.com\/ve-chung-toi\/#primaryimage"},"thumbnailUrl":"https:\/\/tapdoanthanhha.com\/wp-content\/uploads\/2024\/08\/437982985_1000915691930502_1300144063836876478_n-960x720.jpg","datePublished":"2024-08-18T07:49:38+00:00","dateModified":"2024-08-23T03:05:42+00:00","breadcrumb":{"@id":"https:\/\/tapdoanthanhha.com\/ve-chung-toi\/#breadcrumb"},"inLanguage":"en-US","potentialAction":[{"@type":"ReadAction","target":["https:\/\/tapdoanthanhha.com\/ve-chung-toi\/"]}]},{"@type":"ImageObject","inLanguage":"en-US","@id":"https:\/\/tapdoanthanhha.com\/ve-chung-toi\/#primaryimage","url":"https:\/\/tapdoanthanhha.com\/wp-content\/uploads\/2024\/08\/437982985_1000915691930502_1300144063836876478_n-960x720.jpg","contentUrl":"https:\/\/tapdoanthanhha.com\/wp-content\/uploads\/2024\/08\/437982985_1000915691930502_1300144063836876478_n-960x720.jpg"},{"@type":"BreadcrumbList","@id":"https:\/\/tapdoanthanhha.com\/ve-chung-toi\/#breadcrumb","itemListElement":[{"@type":"ListItem","position":1,"name":"Trang ch\u1ee7","item":"https:\/\/tapdoanthanhha.com\/en\/"},{"@type":"ListItem","position":2,"name":"About Us"}]},{"@type":"WebSite","@id":"https:\/\/tapdoanthanhha.com\/#website","url":"https:\/\/tapdoanthanhha.com\/","name":"C\u00d4NG TY C\u1ed4 PH\u1ea6N T\u1eacP \u0110O\u00c0N THANH H\u00c0","description":"","publisher":{"@id":"https:\/\/tapdoanthanhha.com\/#organization"},"potentialAction":[{"@type":"SearchAction","target":{"@type":"EntryPoint","urlTemplate":"https:\/\/tapdoanthanhha.com\/?s={search_term_string}"},"query-input":"required name=search_term_string"}],"inLanguage":"en-US"},{"@type":"Organization","@id":"https:\/\/tapdoanthanhha.com\/#organization","name":"C\u00d4NG TY C\u1ed4 PH\u1ea6N T\u1eacP \u0110O\u00c0N THANH H\u00c0","url":"https:\/\/tapdoanthanhha.com\/","logo":{"@type":"ImageObject","inLanguage":"en-US","@id":"https:\/\/tapdoanthanhha.com\/#\/schema\/logo\/image\/","url":"https:\/\/tapdoanthanhha.com\/wp-content\/uploads\/2024\/08\/logo.png","contentUrl":"https:\/\/tapdoanthanhha.com\/wp-content\/uploads\/2024\/08\/logo.png","width":640,"height":490,"caption":"C\u00d4NG TY C\u1ed4 PH\u1ea6N T\u1eacP \u0110O\u00c0N THANH H\u00c0"},"image":{"@id":"https:\/\/tapdoanthanhha.com\/#\/schema\/logo\/image\/"},"sameAs":["https:\/\/www.facebook.com\/congtytuthanhha"]}]}},"_links":{"self":[{"href":"https:\/\/tapdoanthanhha.com\/en\/wp-json\/wp\/v2\/pages\/1366"}],"collection":[{"href":"https:\/\/tapdoanthanhha.com\/en\/wp-json\/wp\/v2\/pages"}],"about":[{"href":"https:\/\/tapdoanthanhha.com\/en\/wp-json\/wp\/v2\/types\/page"}],"author":[{"embeddable":true,"href":"https:\/\/tapdoanthanhha.com\/en\/wp-json\/wp\/v2\/users\/1"}],"replies":[{"embeddable":true,"href":"https:\/\/tapdoanthanhha.com\/en\/wp-json\/wp\/v2\/comments?post=1366"}],"version-history":[{"count":8,"href":"https:\/\/tapdoanthanhha.com\/en\/wp-json\/wp\/v2\/pages\/1366\/revisions"}],"predecessor-version":[{"id":1397,"href":"https:\/\/tapdoanthanhha.com\/en\/wp-json\/wp\/v2\/pages\/1366\/revisions\/1397"}],"wp:attachment":[{"href":"https:\/\/tapdoanthanhha.com\/en\/wp-json\/wp\/v2\/media?parent=1366"}],"curies":[{"name":"wp","href":"https:\/\/api.w.org\/{rel}","templated":true}]}}